{"id":648,"date":"2025-08-26T15:16:11","date_gmt":"2025-08-26T13:16:11","guid":{"rendered":"https:\/\/www.servi-paies.fr\/fr\/?page_id=648"},"modified":"2025-10-03T11:55:59","modified_gmt":"2025-10-03T09:55:59","slug":"nos-kits-rh","status":"publish","type":"page","link":"https:\/\/www.servi-paies.fr\/fr\/nos-kits-rh\/","title":{"rendered":"Nos kits"},"content":{"rendered":"\n<h2 class=\"wp-block-heading has-text-align-center alignwide noir\">Kits RH SERVI-PAIES<\/h2>\n\n\n\n<div class=\"wp-block-group alignwide has-global-padding is-content-justification-center is-layout-constrained wp-container-core-group-is-layout-3060e365 wp-block-group-is-layout-constrained\">\n<p class=\"has-text-align-center\">Avec les Kits RH SERVI-PAIES, b\u00e9n\u00e9ficiez de mod\u00e8les et guides pratiques pour g\u00e9rer efficacement <br>vos ressources humaines et rester conforme aux obligations l\u00e9gales de votre entreprise<\/p>\n\n\n\n<p><\/p>\n\n\n\n<div class=\"wp-block-columns is-layout-flex wp-container-core-columns-is-layout-276c0a04 wp-block-columns-is-layout-flex\" style=\"margin-top:0;margin-bottom:0;padding-right:0;padding-left:0\">\n<div class=\"wp-block-column alignwide has-global-padding is-layout-constrained wp-block-column-is-layout-constrained\">\n<div class=\"wp-block-group is-layout-flow wp-block-group-is-layout-flow\" style=\"padding-top:0;padding-right:var(--wp--preset--spacing--xx-large);padding-bottom:0;padding-left:var(--wp--preset--spacing--xx-large)\">\n<p class=\"font_orange\">\ud83d\ude80 <a href=\"https:\/\/www.servi-paies.fr\/fr\/kit_periode_essai\" target=\"_blank\" rel=\"noreferrer noopener nofollow\">Kit de suivi de la p\u00e9riode d\u2019essai<\/a><\/p>\n\n\n\n<p class=\"has-small-font-size\">Guide des bonnes pratiques<br>Plan d\u2019int\u00e9gration du salari\u00e9 en p\u00e9riode d\u2019essai<br>Guide des performances attendues<br>Formulaire de suivi r\u00e9gulier des performances du salari\u00e9 durant la p\u00e9riode d\u2019essai<\/p>\n\n\n\n<p class=\"font_orange\">\ud83d\ude80 <a href=\"https:\/\/www.servi-paies.fr\/fr\/kit_evaluation\">Kit d\u2019entretien d\u2019<\/a><a href=\"https:\/\/www.servi-paies.fr\/fr\/kit_entretien_evaluation\" target=\"_blank\" rel=\"noreferrer noopener nofollow\">\u00e9valuation<\/a><\/p>\n\n\n\n<div class=\"wp-block-group has-global-padding is-layout-constrained wp-block-group-is-layout-constrained\">\n<p class=\"has-small-font-size\">Note de service<br>Guide de pr\u00e9paration du salari\u00e9<br>Fiche de pr\u00e9paration du salari\u00e9<br>Grille d\u2019auto\u00e9valuation<br>Grille de pr\u00e9paration du responsable<br>Formulaire d\u2019entretien d\u2019\u00e9valuation<br>Compte rendu d\u2019entretien d\u2019\u00e9valuation<\/p>\n<\/div>\n\n\n\n<p class=\"font_orange\">\ud83d\ude80 <a href=\"https:\/\/www.servi-paies.fr\/fr\/kit_evalpro\" target=\"_blank\" rel=\"noreferrer noopener nofollow\">Kit d\u2019entretien professionnel<\/a><\/p>\n\n\n\n<div class=\"wp-block-group has-global-padding is-layout-constrained wp-block-group-is-layout-constrained\">\n<p class=\"has-small-font-size\">Guide de pr\u00e9paration du salari\u00e9<br>Fiche de pr\u00e9paration du salari\u00e9<br>Grille de pr\u00e9paration du responsable<br>Formulaire d\u2019entretien professionnel<br>Compte rendu d\u2019entretien professionnel<\/p>\n\n\n\n<p class=\"font_orange\">\ud83d\ude80 <a href=\"https:\/\/www.servi-paies.fr\/fr\/kit_teletravail\" target=\"_blank\" rel=\"noreferrer noopener nofollow\">Kit entretien t\u00e9l\u00e9travail<\/a><\/p>\n\n\n\n<div class=\"wp-block-group has-global-padding is-layout-constrained wp-block-group-is-layout-constrained\">\n<p class=\"has-small-font-size\">Guide employeur \u2013 conduire l\u2019entretien annuel des        salari\u00e9s en t\u00e9l\u00e9travail<br>Convocation \u00e0 l\u2019entretien annuel<br>Trame d\u2019entretien annuel &#8211; t\u00e9l\u00e9travail<\/p>\n\n\n\n<p class=\"font_orange\">\ud83d\ude80 <a href=\"https:\/\/www.servi-paies.fr\/fr\/kit_entretien_annuel\">Kit entretien forfait-jours<\/a><\/p>\n\n\n\n<div class=\"wp-block-group has-global-padding is-layout-constrained wp-block-group-is-layout-constrained\">\n<p class=\"has-small-font-size\">Guide employeur \u2013 conduire l\u2019entretien annuel des        salari\u00e9s en forfait jours<br>Convocation \u00e0 l\u2019entretien annuel<br>Trame d\u2019entretien annuel \u2013 forfait jours<\/p>\n<\/div>\n<\/div>\n<\/div>\n\n\n\n<p class=\"font_orange\">\ud83d\ude80 <a href=\"https:\/\/www.servi-paies.fr\/fr\/kit_rdv_liaison\" target=\"_blank\" rel=\"noreferrer noopener nofollow\">Kit entretien de liaison<\/a>\u202f<\/p>\n\n\n\n<div class=\"wp-block-group has-global-padding is-layout-constrained wp-block-group-is-layout-constrained\">\n<p class=\"has-small-font-size\">Guide employeur \u2013 le rendez-vous de liaison<br>Lettre au salari\u00e9 l\u2019informant du rendez-vous de liaison<br>Convocation du salari\u00e9 au rendez-vous de liaison<br>Invitation du service de sant\u00e9 au travail au                       rendez-vous de liaison<br>Trame d\u2019entretien \u2013 rendez-vous de liaison<\/p>\n<\/div>\n\n\n\n<p class=\"font_orange\">\ud83d\ude80 <a href=\"https:\/\/www.servi-paies.fr\/fr\/kit_surveillance\" target=\"_blank\" rel=\"noreferrer noopener nofollow\">Kit dispositifs de surveillance du salari\u00e9<\/a><\/p>\n\n\n\n<div class=\"wp-block-group has-global-padding is-layout-constrained wp-block-group-is-layout-constrained\">\n<p class=\"has-small-font-size\">Information consultation du CSE<br>Registre CNIL<br>Lettre d\u2019information au salari\u00e9<br>Clause contractuelle<\/p>\n<\/div>\n<\/div>\n<\/div>\n\n\n\n<div class=\"wp-block-column has-global-padding is-layout-constrained wp-block-column-is-layout-constrained\">\n<div class=\"wp-block-group has-global-padding is-layout-constrained wp-container-core-group-is-layout-0f3eef6e wp-block-group-is-layout-constrained\" style=\"padding-right:var(--wp--preset--spacing--xx-large);padding-left:var(--wp--preset--spacing--xx-large)\">\n<p class=\"font_orange\">\ud83d\ude80 <a href=\"https:\/\/www.servi-paies.fr\/fr\/kit_alcool\" target=\"_blank\" rel=\"noreferrer noopener nofollow\">Kit g\u00e9rer l&rsquo;alcool au travail<\/a><\/p>\n\n\n\n<p class=\"has-small-font-size\">Clause du r\u00e8glement int\u00e9rieur \u2013 Boissons alcoolis\u00e9es<br>Note de service \/ process \u2013 Boissons alcoolis\u00e9es<br>Compte-rendu suite alcootest<\/p>\n\n\n\n<p class=\"font_orange\">\ud83d\ude80 <a href=\"https:\/\/www.servi-paies.fr\/fr\/kit_stupefiants\" target=\"_blank\" rel=\"noreferrer noopener nofollow\">Kit g\u00e9rer les stup\u00e9fiants au travail<\/a><\/p>\n\n\n\n<div class=\"wp-block-group has-global-padding is-layout-constrained wp-block-group-is-layout-constrained\">\n<p class=\"has-small-font-size\">Guide employeur \u2013 g\u00e9rer les stup\u00e9fiants au travail<br>Note de service \u2013 entreprise de moins de 50 salari\u00e9s <br>Note de service \u2013 entreprise d\u2019au moins 50 salari\u00e9s<br>Article du r\u00e8glement int\u00e9rieur &#8211; stup\u00e9fiants<br>Convocation du CSE \u2013 consultation sur la note de service<br>Convocation du CSE \u2013 consultation sur le r\u00e8glement int\u00e9rieur<br>Mod\u00e8le de lettre au m\u00e9decin du travail &#8211; stup\u00e9fiants<\/p>\n<\/div>\n\n\n\n<p class=\"font_orange\">\ud83d\ude80 <a href=\"https:\/\/www.servi-paies.fr\/fr\/kit_harcelement\" target=\"_blank\" rel=\"noreferrer noopener nofollow\">Kit harc\u00e8lement<\/a><\/p>\n\n\n\n<div class=\"wp-block-group has-global-padding is-layout-constrained wp-block-group-is-layout-constrained\">\n<p class=\"has-small-font-size\">Invitation de la personne pr\u00e9sum\u00e9e victime<br>Questionnaire de la personne pr\u00e9sum\u00e9e victime<br>Invitation de la personne mise en cause<br>Questionnaire de la personne mise en cause<br>Invitation du t\u00e9moin<br>Questionnaire du t\u00e9moin<br>Conclusions de l\u2019enqu\u00eate interne<br>Recueil des bonnes pratiques<br>Guide pratique et juridique (minist\u00e8re du Travail)<br>Grille d\u2019\u00e9valuation des risques psycho-sociaux (RPS)<\/p>\n\n\n\n<p class=\"font_orange\">\ud83d\ude80 <a href=\"https:\/\/www.servi-paies.fr\/fr\/kit_congespayes\" target=\"_blank\" rel=\"noreferrer noopener nofollow\">Kit cong\u00e9s pay\u00e9s<\/a><\/p>\n<\/div>\n\n\n\n<div class=\"wp-block-group has-global-padding is-layout-constrained wp-block-group-is-layout-constrained\">\n<p class=\"has-small-font-size\">Note de service sur l\u2019ordre des d\u00e9parts en cong\u00e9s pay\u00e9s<br>Formulaire de demande de CP<\/p>\n<\/div>\n\n\n\n<p class=\"font_orange\">\ud83d\ude80 <a href=\"https:\/\/www.servi-paies.fr\/fr\/kit_horaire\" target=\"_blank\" rel=\"noreferrer noopener nofollow\">Kit horaires de travail<\/a><\/p>\n\n\n\n<div class=\"wp-block-group has-global-padding is-layout-constrained wp-block-group-is-layout-constrained\">\n<p class=\"has-small-font-size\">Guide employeur \u2013 fixer et contr\u00f4ler les horaires de travail<br>Tableau d\u2019affichage des horaires collectifs de travail<br>Lettre \u00e0 l\u2019inspection du travail \u2013 Transmission de l\u2019horaire de travail<br>Fiche de contr\u00f4le des horaires de travail<br>Note de service \u2013 entreprises de moins de 50 salari\u00e9s &#8211; heures suppl\u00e9mentaires<br>Note de service \u2013 entreprises d\u2019au moins 50 salari\u00e9s &#8211; heures suppl\u00e9mentaires<\/p>\n<\/div>\n\n\n\n<p class=\"font_orange\">\ud83d\ude80 <a href=\"https:\/\/www.servi-paies.fr\/fr\/kit_CESm50\" target=\"_blank\" rel=\"noreferrer noopener nofollow\">Kit fonctionnement du CSE (- de 50 salari\u00e9s)<\/a><\/p>\n\n\n\n<div class=\"wp-block-group has-global-padding is-layout-constrained wp-block-group-is-layout-constrained\">\n<p class=\"has-small-font-size\">Guide pratique \u2013 organiser les r\u00e9unions du CSE<br>Convocation r\u00e9union du CSE<br>Mod\u00e8le de registre du CSE<br>Bon de d\u00e9l\u00e9gation (mod\u00e8le)<\/p>\n<\/div>\n\n\n\n<p class=\"font_orange\">\ud83d\ude80 <a href=\"https:\/\/www.servi-paies.fr\/fr\/kit_CSEp50\" target=\"_blank\" rel=\"noreferrer noopener nofollow\">Kit fonctionnement du CSE (50 salari\u00e9s et +)<\/a><\/p>\n\n\n\n<div class=\"wp-block-group has-global-padding is-layout-constrained wp-block-group-is-layout-constrained\">\n<p class=\"has-small-font-size\">Guide employeur \u2013 organiser la 1\u00e8re r\u00e9union du CSE<br>Guide employeur \u2013 organiser les r\u00e9unions du CSE<br>Convocation des membres titulaires du CSE<br>Convocation des membres suppl\u00e9ants du CSE<br>Ordre du jour de la premi\u00e8re r\u00e9union du CSE<br>Ordre du jour d\u2019une r\u00e9union du CSE<br>Invitation de l\u2019inspection du travail,<br>Invitation du m\u00e9decin du travail<br>Invitation de l\u2019agent de la CARSAT<br>Mod\u00e8le de proc\u00e8s-verbal de r\u00e9union du CSE<br>Mod\u00e8le de r\u00e8glement int\u00e9rieur du CSE (entreprise de 50 salari\u00e9s et +)<br>Mod\u00e8le bon de d\u00e9l\u00e9gation<\/p>\n<\/div>\n<\/div>\n<\/div>\n<\/div>\n<\/div>\n\n\n\n<p><\/p>\n","protected":false},"excerpt":{"rendered":"<p>Kits RH SERVI-PAIES Avec les Kits RH SERVI-PAIES, b\u00e9n\u00e9ficiez de mod\u00e8les et guides pratiques pour g\u00e9rer efficacement vos ressources humaines et rester conforme aux obligations l\u00e9gales de votre entreprise \ud83d\ude80 Kit de suivi de la p\u00e9riode d\u2019essai Guide des bonnes pratiquesPlan d\u2019int\u00e9gration du salari\u00e9 en p\u00e9riode d\u2019essaiGuide des performances attenduesFormulaire de suivi r\u00e9gulier des performances [&hellip;]<\/p>\n","protected":false},"author":1,"featured_media":0,"parent":0,"menu_order":0,"comment_status":"closed","ping_status":"closed","template":"","meta":{"footnotes":""},"class_list":["post-648","page","type-page","status-publish","hentry"],"yoast_head":"<!-- This site is optimized with the Yoast SEO plugin v23.8 - https:\/\/yoast.com\/wordpress\/plugins\/seo\/ -->\n<title>Kits RH SERVI-PAIES \u2013 Mod\u00e8les et guides pratiques conformes<\/title>\n<meta name=\"description\" content=\"Kits RH SERVI-PAIES : d\u00e9couvrez des mod\u00e8les et guides pratiques pour g\u00e9rer vos ressources humaines efficacement.\" \/>\n<meta name=\"robots\" content=\"index, follow, max-snippet:-1, max-image-preview:large, max-video-preview:-1\" \/>\n<link rel=\"canonical\" href=\"https:\/\/www.servi-paies.fr\/fr\/nos-kits-rh\/\" \/>\n<meta property=\"og:locale\" content=\"fr_FR\" \/>\n<meta property=\"og:type\" content=\"article\" \/>\n<meta property=\"og:title\" content=\"Kits RH SERVI-PAIES \u2013 Mod\u00e8les et guides pratiques conformes\" \/>\n<meta property=\"og:description\" content=\"Kits RH SERVI-PAIES : d\u00e9couvrez des mod\u00e8les et guides pratiques pour g\u00e9rer vos ressources humaines efficacement.\" \/>\n<meta property=\"og:url\" content=\"https:\/\/www.servi-paies.fr\/fr\/nos-kits-rh\/\" \/>\n<meta property=\"og:site_name\" content=\"SERVI-PAIES\" \/>\n<meta property=\"article:publisher\" content=\"https:\/\/www.facebook.com\/servipaies\" \/>\n<meta property=\"article:modified_time\" content=\"2025-10-03T09:55:59+00:00\" \/>\n<meta property=\"og:image\" content=\"https:\/\/www.servi-paies.fr\/fr\/wp-content\/uploads\/2024\/10\/partner.gif\" \/>\n\t<meta property=\"og:image:width\" content=\"1000\" \/>\n\t<meta property=\"og:image:height\" content=\"350\" \/>\n\t<meta property=\"og:image:type\" content=\"image\/gif\" \/>\n<meta name=\"twitter:card\" content=\"summary_large_image\" \/>\n<meta name=\"twitter:label1\" content=\"Dur\u00e9e de lecture estim\u00e9e\" \/>\n\t<meta name=\"twitter:data1\" content=\"3 minutes\" \/>\n<script type=\"application\/ld+json\" class=\"yoast-schema-graph\">{\"@context\":\"https:\/\/schema.org\",\"@graph\":[{\"@type\":\"WebPage\",\"@id\":\"https:\/\/www.servi-paies.fr\/fr\/nos-kits-rh\/\",\"url\":\"https:\/\/www.servi-paies.fr\/fr\/nos-kits-rh\/\",\"name\":\"Kits RH SERVI-PAIES \u2013 Mod\u00e8les et guides pratiques conformes\",\"isPartOf\":{\"@id\":\"https:\/\/www.servi-paies.fr\/fr\/#website\"},\"datePublished\":\"2025-08-26T13:16:11+00:00\",\"dateModified\":\"2025-10-03T09:55:59+00:00\",\"description\":\"Kits RH SERVI-PAIES : d\u00e9couvrez des mod\u00e8les et guides pratiques pour g\u00e9rer vos ressources humaines efficacement.\",\"breadcrumb\":{\"@id\":\"https:\/\/www.servi-paies.fr\/fr\/nos-kits-rh\/#breadcrumb\"},\"inLanguage\":\"fr-FR\",\"potentialAction\":[{\"@type\":\"ReadAction\",\"target\":[\"https:\/\/www.servi-paies.fr\/fr\/nos-kits-rh\/\"]}]},{\"@type\":\"BreadcrumbList\",\"@id\":\"https:\/\/www.servi-paies.fr\/fr\/nos-kits-rh\/#breadcrumb\",\"itemListElement\":[{\"@type\":\"ListItem\",\"position\":1,\"name\":\"Accueil\",\"item\":\"https:\/\/www.servi-paies.fr\/fr\/\"},{\"@type\":\"ListItem\",\"position\":2,\"name\":\"Nos kits\"}]},{\"@type\":\"WebSite\",\"@id\":\"https:\/\/www.servi-paies.fr\/fr\/#website\",\"url\":\"https:\/\/www.servi-paies.fr\/fr\/\",\"name\":\"SERVI-PAIES\",\"description\":\"Traitement de la paie et des services RH pour  experts-comptables et entreprises en Ille-et-Vilaine\",\"publisher\":{\"@id\":\"https:\/\/www.servi-paies.fr\/fr\/#organization\"},\"potentialAction\":[{\"@type\":\"SearchAction\",\"target\":{\"@type\":\"EntryPoint\",\"urlTemplate\":\"https:\/\/www.servi-paies.fr\/fr\/?s={search_term_string}\"},\"query-input\":{\"@type\":\"PropertyValueSpecification\",\"valueRequired\":true,\"valueName\":\"search_term_string\"}}],\"inLanguage\":\"fr-FR\"},{\"@type\":\"Organization\",\"@id\":\"https:\/\/www.servi-paies.fr\/fr\/#organization\",\"name\":\"SERVI-PAIES\",\"url\":\"https:\/\/www.servi-paies.fr\/fr\/\",\"logo\":{\"@type\":\"ImageObject\",\"inLanguage\":\"fr-FR\",\"@id\":\"https:\/\/www.servi-paies.fr\/fr\/#\/schema\/logo\/image\/\",\"url\":\"https:\/\/www.servi-paies.fr\/fr\/wp-content\/uploads\/2024\/10\/partner.gif\",\"contentUrl\":\"https:\/\/www.servi-paies.fr\/fr\/wp-content\/uploads\/2024\/10\/partner.gif\",\"width\":1000,\"height\":350,\"caption\":\"SERVI-PAIES\"},\"image\":{\"@id\":\"https:\/\/www.servi-paies.fr\/fr\/#\/schema\/logo\/image\/\"},\"sameAs\":[\"https:\/\/www.facebook.com\/servipaies\",\"https:\/\/www.linkedin.com\/company\/servi-paies\/\"]}]}<\/script>\n<!-- \/ Yoast SEO plugin. -->","yoast_head_json":{"title":"Kits RH SERVI-PAIES \u2013 Mod\u00e8les et guides pratiques conformes","description":"Kits RH SERVI-PAIES : d\u00e9couvrez des mod\u00e8les et guides pratiques pour g\u00e9rer vos ressources humaines efficacement.","robots":{"index":"index","follow":"follow","max-snippet":"max-snippet:-1","max-image-preview":"max-image-preview:large","max-video-preview":"max-video-preview:-1"},"canonical":"https:\/\/www.servi-paies.fr\/fr\/nos-kits-rh\/","og_locale":"fr_FR","og_type":"article","og_title":"Kits RH SERVI-PAIES \u2013 Mod\u00e8les et guides pratiques conformes","og_description":"Kits RH SERVI-PAIES : d\u00e9couvrez des mod\u00e8les et guides pratiques pour g\u00e9rer vos ressources humaines efficacement.","og_url":"https:\/\/www.servi-paies.fr\/fr\/nos-kits-rh\/","og_site_name":"SERVI-PAIES","article_publisher":"https:\/\/www.facebook.com\/servipaies","article_modified_time":"2025-10-03T09:55:59+00:00","og_image":[{"width":1000,"height":350,"url":"https:\/\/www.servi-paies.fr\/fr\/wp-content\/uploads\/2024\/10\/partner.gif","type":"image\/gif"}],"twitter_card":"summary_large_image","twitter_misc":{"Dur\u00e9e de lecture estim\u00e9e":"3 minutes"},"schema":{"@context":"https:\/\/schema.org","@graph":[{"@type":"WebPage","@id":"https:\/\/www.servi-paies.fr\/fr\/nos-kits-rh\/","url":"https:\/\/www.servi-paies.fr\/fr\/nos-kits-rh\/","name":"Kits RH SERVI-PAIES \u2013 Mod\u00e8les et guides pratiques conformes","isPartOf":{"@id":"https:\/\/www.servi-paies.fr\/fr\/#website"},"datePublished":"2025-08-26T13:16:11+00:00","dateModified":"2025-10-03T09:55:59+00:00","description":"Kits RH SERVI-PAIES : d\u00e9couvrez des mod\u00e8les et guides pratiques pour g\u00e9rer vos ressources humaines efficacement.","breadcrumb":{"@id":"https:\/\/www.servi-paies.fr\/fr\/nos-kits-rh\/#breadcrumb"},"inLanguage":"fr-FR","potentialAction":[{"@type":"ReadAction","target":["https:\/\/www.servi-paies.fr\/fr\/nos-kits-rh\/"]}]},{"@type":"BreadcrumbList","@id":"https:\/\/www.servi-paies.fr\/fr\/nos-kits-rh\/#breadcrumb","itemListElement":[{"@type":"ListItem","position":1,"name":"Accueil","item":"https:\/\/www.servi-paies.fr\/fr\/"},{"@type":"ListItem","position":2,"name":"Nos kits"}]},{"@type":"WebSite","@id":"https:\/\/www.servi-paies.fr\/fr\/#website","url":"https:\/\/www.servi-paies.fr\/fr\/","name":"SERVI-PAIES","description":"Traitement de la paie et des services RH pour  experts-comptables et entreprises en Ille-et-Vilaine","publisher":{"@id":"https:\/\/www.servi-paies.fr\/fr\/#organization"},"potentialAction":[{"@type":"SearchAction","target":{"@type":"EntryPoint","urlTemplate":"https:\/\/www.servi-paies.fr\/fr\/?s={search_term_string}"},"query-input":{"@type":"PropertyValueSpecification","valueRequired":true,"valueName":"search_term_string"}}],"inLanguage":"fr-FR"},{"@type":"Organization","@id":"https:\/\/www.servi-paies.fr\/fr\/#organization","name":"SERVI-PAIES","url":"https:\/\/www.servi-paies.fr\/fr\/","logo":{"@type":"ImageObject","inLanguage":"fr-FR","@id":"https:\/\/www.servi-paies.fr\/fr\/#\/schema\/logo\/image\/","url":"https:\/\/www.servi-paies.fr\/fr\/wp-content\/uploads\/2024\/10\/partner.gif","contentUrl":"https:\/\/www.servi-paies.fr\/fr\/wp-content\/uploads\/2024\/10\/partner.gif","width":1000,"height":350,"caption":"SERVI-PAIES"},"image":{"@id":"https:\/\/www.servi-paies.fr\/fr\/#\/schema\/logo\/image\/"},"sameAs":["https:\/\/www.facebook.com\/servipaies","https:\/\/www.linkedin.com\/company\/servi-paies\/"]}]}},"_links":{"self":[{"href":"https:\/\/www.servi-paies.fr\/fr\/wp-json\/wp\/v2\/pages\/648","targetHints":{"allow":["GET"]}}],"collection":[{"href":"https:\/\/www.servi-paies.fr\/fr\/wp-json\/wp\/v2\/pages"}],"about":[{"href":"https:\/\/www.servi-paies.fr\/fr\/wp-json\/wp\/v2\/types\/page"}],"author":[{"embeddable":true,"href":"https:\/\/www.servi-paies.fr\/fr\/wp-json\/wp\/v2\/users\/1"}],"replies":[{"embeddable":true,"href":"https:\/\/www.servi-paies.fr\/fr\/wp-json\/wp\/v2\/comments?post=648"}],"version-history":[{"count":21,"href":"https:\/\/www.servi-paies.fr\/fr\/wp-json\/wp\/v2\/pages\/648\/revisions"}],"predecessor-version":[{"id":728,"href":"https:\/\/www.servi-paies.fr\/fr\/wp-json\/wp\/v2\/pages\/648\/revisions\/728"}],"wp:attachment":[{"href":"https:\/\/www.servi-paies.fr\/fr\/wp-json\/wp\/v2\/media?parent=648"}],"curies":[{"name":"wp","href":"https:\/\/api.w.org\/{rel}","templated":true}]}}