{"id":534,"date":"2024-11-04T17:08:27","date_gmt":"2024-11-04T16:08:27","guid":{"rendered":"https:\/\/www.servi-paies.fr\/fr\/?page_id=534"},"modified":"2025-10-01T09:33:42","modified_gmt":"2025-10-01T07:33:42","slug":"recrutement","status":"publish","type":"page","link":"https:\/\/www.servi-paies.fr\/fr\/recrutement\/","title":{"rendered":"Rejoignez-nous"},"content":{"rendered":"\n<div class=\"wp-block-group alignwide has-global-padding is-layout-constrained wp-container-core-group-is-layout-19e250f3 wp-block-group-is-layout-constrained\">\n<div class=\"wp-block-group is-nowrap is-layout-flex wp-container-core-group-is-layout-c5875147 wp-block-group-is-layout-flex\" style=\"min-height:100%;padding-top:0;padding-right:0;padding-bottom:0;padding-left:0\">\n<figure class=\"wp-block-image size-full is-resized\"><img loading=\"lazy\" decoding=\"async\" width=\"240\" height=\"175\" src=\"https:\/\/www.servi-paies.fr\/fr\/wp-content\/uploads\/2024\/11\/AdobeStock_212736579-2.png\" alt=\"\" class=\"wp-image-555\" style=\"width:282px;height:auto\"\/><\/figure>\n\n\n\n<div class=\"wp-block-group has-global-padding is-layout-constrained wp-container-core-group-is-layout-c312d2cd wp-block-group-is-layout-constrained\" style=\"padding-right:var(--wp--preset--spacing--x-small);padding-left:var(--wp--preset--spacing--x-small)\">\n<p>&nbsp;Si tu veux travailler dans une soci\u00e9t\u00e9 avec un Leadership hors du commun et trouver un \u00e9quilibre entre vie Pro et vie Perso, alors rejoins-nous&nbsp;!<\/p>\n\n\n\n<p>Si tu es autonome, rigoureux et si tu as le sens des responsabilit\u00e9s, tu b\u00e9n\u00e9ficieras de la flexibilit\u00e9 et d\u2019un confort rare.<\/p>\n<\/div>\n<\/div>\n\n\n\n<div class=\"wp-block-columns is-layout-flex wp-container-core-columns-is-layout-b9f7452e wp-block-columns-is-layout-flex\" style=\"margin-top:var(--wp--preset--spacing--x-large)\">\n<div class=\"wp-block-column is-layout-flow wp-block-column-is-layout-flow\">\n<div class=\"wp-block-eds-animate-it-block eds-animate-block-save\"><div class=\"eds-animate animated edsanimate-sis-hidden  \" data-eds-entry-animation=\"fadeInLeft\" data-eds-entry-delay=\"0\" data-eds-entry-duration=\"0.5\" data-eds-entry-timing=\"linear\" data-eds-exit-animation=\"\" data-eds-exit-delay=\"0\" data-eds-exit-duration=\"0.5\" data-eds-exit-timing=\"linear\" data-eds-repeat-count=\"1\" data-eds-keep=\"yes\" data-eds-animate-on=\"load\" data-eds-scroll-offset=\"\">\n<div class=\"wp-block-group has-background-color has-text-color has-background has-link-color wp-elements-eb2f2e5a773dba5d4321c177a9235fac has-global-padding is-layout-constrained wp-block-group-is-layout-constrained\" style=\"border-radius:10px;background-color:#00a9ae\">\n<p class=\"has-text-align-center\">T\u00e9l\u00e9travail jusqu\u2019\u00e0 4 jours par semaine<\/p>\n<\/div>\n<\/div><\/div>\n<\/div>\n\n\n\n<div class=\"wp-block-column is-layout-flow wp-block-column-is-layout-flow\">\n<div class=\"wp-block-eds-animate-it-block eds-animate-block-save\"><div class=\"eds-animate animated edsanimate-sis-hidden  \" data-eds-entry-animation=\"fadeInLeft\" data-eds-entry-delay=\"0.5\" data-eds-entry-duration=\"0.5\" data-eds-entry-timing=\"linear\" data-eds-exit-animation=\"\" data-eds-exit-delay=\"0\" data-eds-exit-duration=\"0.5\" data-eds-exit-timing=\"linear\" data-eds-repeat-count=\"1\" data-eds-keep=\"yes\" data-eds-animate-on=\"load\" data-eds-scroll-offset=\"\">\n<div class=\"wp-block-group has-background-color has-text-color has-background has-link-color wp-elements-ea7f419d12260240208f661ea506a0a6 has-global-padding is-layout-constrained wp-block-group-is-layout-constrained\" style=\"border-radius:10px;background-color:#00a9ae\">\n<p class=\"has-text-align-center\">Semaine de 35 heures sur 4 jours<\/p>\n<\/div>\n<\/div><\/div>\n<\/div>\n\n\n\n<div class=\"wp-block-column has-global-padding is-layout-constrained wp-container-core-column-is-layout-12243e0f wp-block-column-is-layout-constrained\">\n<div class=\"wp-block-eds-animate-it-block eds-animate-block-save\"><div class=\"eds-animate animated edsanimate-sis-hidden  \" data-eds-entry-animation=\"fadeInLeft\" data-eds-entry-delay=\"1\" data-eds-entry-duration=\"0.5\" data-eds-entry-timing=\"linear\" data-eds-exit-animation=\"\" data-eds-exit-delay=\"0\" data-eds-exit-duration=\"0.5\" data-eds-exit-timing=\"linear\" data-eds-repeat-count=\"1\" data-eds-keep=\"yes\" data-eds-animate-on=\"load\" data-eds-scroll-offset=\"\">\n<div class=\"wp-block-group has-background-color has-text-color has-background has-link-color wp-elements-4a7625c78dbaa735a7e4ff873dd851ba has-global-padding is-layout-constrained wp-container-core-group-is-layout-b05e9df9 wp-block-group-is-layout-constrained\" style=\"border-radius:10px;background-color:#00a9ae;min-height:100%\">\n<p class=\"has-text-align-center\">Logiciel SILAE<\/p>\n<\/div>\n<\/div><\/div>\n<\/div>\n<\/div>\n\n\n\n<div class=\"wp-block-columns is-layout-flex wp-container-core-columns-is-layout-12f31910 wp-block-columns-is-layout-flex\" style=\"margin-top:var(--wp--preset--spacing--medium);margin-bottom:0\">\n<div class=\"wp-block-column is-layout-flow wp-block-column-is-layout-flow\">\n<div class=\"wp-block-eds-animate-it-block eds-animate-block-save\"><div class=\"eds-animate animated edsanimate-sis-hidden  \" data-eds-entry-animation=\"fadeInRight\" data-eds-entry-delay=\"1.5\" data-eds-entry-duration=\"0.5\" data-eds-entry-timing=\"linear\" data-eds-exit-animation=\"\" data-eds-exit-delay=\"0\" data-eds-exit-duration=\"0.5\" data-eds-exit-timing=\"linear\" data-eds-repeat-count=\"1\" data-eds-keep=\"yes\" data-eds-animate-on=\"load\" data-eds-scroll-offset=\"\">\n<div class=\"wp-block-group has-background-color has-text-color has-background has-link-color wp-elements-eb0a1b7c926708d6837886c3ffb7c007 has-global-padding is-layout-constrained wp-block-group-is-layout-constrained\" style=\"border-radius:10px;background-color:#00a9ae\">\n<p class=\"has-text-align-center\">Ch\u00e8que vacances<\/p>\n<\/div>\n<\/div><\/div>\n<\/div>\n\n\n\n<div class=\"wp-block-column is-layout-flow wp-block-column-is-layout-flow\">\n<div class=\"wp-block-eds-animate-it-block eds-animate-block-save\"><div class=\"eds-animate animated edsanimate-sis-hidden  \" data-eds-entry-animation=\"fadeInRight\" data-eds-entry-delay=\"2\" data-eds-entry-duration=\"0.5\" data-eds-entry-timing=\"linear\" data-eds-exit-animation=\"\" data-eds-exit-delay=\"0\" data-eds-exit-duration=\"0.5\" data-eds-exit-timing=\"linear\" data-eds-repeat-count=\"1\" data-eds-keep=\"yes\" data-eds-animate-on=\"load\" data-eds-scroll-offset=\"\">\n<div class=\"wp-block-group has-background-color has-text-color has-background has-link-color wp-elements-d9222064f2f1b5f1daf8e3f6abeef8ae has-global-padding is-layout-constrained wp-block-group-is-layout-constrained\" style=\"border-radius:10px;background-color:#00a9ae\">\n<p class=\"has-text-align-center\">Titres restaurants<\/p>\n<\/div>\n<\/div><\/div>\n<\/div>\n\n\n\n<div class=\"wp-block-column is-layout-flow wp-block-column-is-layout-flow\">\n<div class=\"wp-block-eds-animate-it-block eds-animate-block-save\"><div class=\"eds-animate animated edsanimate-sis-hidden  \" data-eds-entry-animation=\"fadeInRight\" data-eds-entry-delay=\"2.5\" data-eds-entry-duration=\"0.5\" data-eds-entry-timing=\"linear\" data-eds-exit-animation=\"\" data-eds-exit-delay=\"0\" data-eds-exit-duration=\"0.5\" data-eds-exit-timing=\"linear\" data-eds-repeat-count=\"1\" data-eds-keep=\"yes\" data-eds-animate-on=\"load\" data-eds-scroll-offset=\"\">\n<div class=\"wp-block-group has-background-color has-text-color has-background has-link-color wp-elements-bc9463c2fa43c9b247552eedc4f44ed8 has-global-padding is-layout-constrained wp-block-group-is-layout-constrained\" style=\"border-radius:10px;background-color:#00a9ae\">\n<p class=\"has-text-align-center\">Ch\u00e8ques cadeaux<\/p>\n<\/div>\n<\/div><\/div>\n<\/div>\n<\/div>\n\n\n\n<div class=\"wp-block-eds-animate-it-block eds-animate-block-save\"><div class=\"eds-animate animated edsanimate-sis-hidden  \" data-eds-entry-animation=\"fadeInDown\" data-eds-entry-delay=\"3\" data-eds-entry-duration=\"0.5\" data-eds-entry-timing=\"linear\" data-eds-exit-animation=\"\" data-eds-exit-delay=\"0\" data-eds-exit-duration=\"0.5\" data-eds-exit-timing=\"linear\" data-eds-repeat-count=\"1\" data-eds-keep=\"yes\" data-eds-animate-on=\"load\" data-eds-scroll-offset=\"\">\n<div class=\"wp-block-group has-global-padding is-layout-constrained wp-block-group-is-layout-constrained\">\n<div class=\"wp-block-buttons is-content-justification-center is-layout-flex wp-container-core-buttons-is-layout-abcc1527 wp-block-buttons-is-layout-flex\" style=\"margin-top:var(--wp--preset--spacing--x-large);margin-bottom:var(--wp--preset--spacing--x-large)\">\n<div class=\"wp-block-button\"><a class=\"wp-block-button__link wp-element-button\" href=\"https:\/\/www.servi-paies.fr\/fr\/formulaire-recrutement\/\">JE POSTULE<\/a><\/div>\n<\/div>\n<\/div>\n<\/div><\/div>\n<\/div>\n","protected":false},"excerpt":{"rendered":"<p>&nbsp;Si tu veux travailler dans une soci\u00e9t\u00e9 avec un Leadership hors du commun et trouver un \u00e9quilibre entre vie Pro et vie Perso, alors rejoins-nous&nbsp;! Si tu es autonome, rigoureux et si tu as le sens des responsabilit\u00e9s, tu b\u00e9n\u00e9ficieras de la flexibilit\u00e9 et d\u2019un confort rare.<\/p>\n","protected":false},"author":1,"featured_media":0,"parent":0,"menu_order":0,"comment_status":"closed","ping_status":"closed","template":"","meta":{"footnotes":""},"class_list":["post-534","page","type-page","status-publish","hentry"],"yoast_head":"<!-- This site is optimized with the Yoast SEO plugin v23.8 - https:\/\/yoast.com\/wordpress\/plugins\/seo\/ -->\n<title>SERVI-PAIES - Rejoignez-nous<\/title>\n<meta name=\"description\" content=\"Rejoignez Servi-Paies ! Int\u00e9grez une \u00e9quipe dynamique et d\u00e9veloppez vos comp\u00e9tences dans un cabinet en croissance\" \/>\n<meta name=\"robots\" content=\"index, follow, max-snippet:-1, max-image-preview:large, max-video-preview:-1\" \/>\n<link rel=\"canonical\" href=\"https:\/\/www.servi-paies.fr\/fr\/recrutement\/\" \/>\n<meta property=\"og:locale\" content=\"fr_FR\" \/>\n<meta property=\"og:type\" content=\"article\" \/>\n<meta property=\"og:title\" content=\"SERVI-PAIES - Rejoignez-nous\" \/>\n<meta property=\"og:description\" content=\"Rejoignez Servi-Paies ! Int\u00e9grez une \u00e9quipe dynamique et d\u00e9veloppez vos comp\u00e9tences dans un cabinet en croissance\" \/>\n<meta property=\"og:url\" content=\"https:\/\/www.servi-paies.fr\/fr\/recrutement\/\" \/>\n<meta property=\"og:site_name\" content=\"SERVI-PAIES\" \/>\n<meta property=\"article:publisher\" content=\"https:\/\/www.facebook.com\/servipaies\" \/>\n<meta property=\"article:modified_time\" content=\"2025-10-01T07:33:42+00:00\" \/>\n<meta property=\"og:image\" content=\"https:\/\/www.servi-paies.fr\/fr\/wp-content\/uploads\/2024\/11\/AdobeStock_212736579-2.png\" \/>\n\t<meta property=\"og:image:width\" content=\"240\" \/>\n\t<meta property=\"og:image:height\" content=\"175\" \/>\n\t<meta property=\"og:image:type\" content=\"image\/png\" \/>\n<meta name=\"twitter:card\" content=\"summary_large_image\" \/>\n<meta name=\"twitter:label1\" content=\"Dur\u00e9e de lecture estim\u00e9e\" \/>\n\t<meta name=\"twitter:data1\" content=\"1 minute\" \/>\n<script type=\"application\/ld+json\" class=\"yoast-schema-graph\">{\"@context\":\"https:\/\/schema.org\",\"@graph\":[{\"@type\":\"WebPage\",\"@id\":\"https:\/\/www.servi-paies.fr\/fr\/recrutement\/\",\"url\":\"https:\/\/www.servi-paies.fr\/fr\/recrutement\/\",\"name\":\"SERVI-PAIES - Rejoignez-nous\",\"isPartOf\":{\"@id\":\"https:\/\/www.servi-paies.fr\/fr\/#website\"},\"primaryImageOfPage\":{\"@id\":\"https:\/\/www.servi-paies.fr\/fr\/recrutement\/#primaryimage\"},\"image\":{\"@id\":\"https:\/\/www.servi-paies.fr\/fr\/recrutement\/#primaryimage\"},\"thumbnailUrl\":\"https:\/\/www.servi-paies.fr\/fr\/wp-content\/uploads\/2024\/11\/AdobeStock_212736579-2.png\",\"datePublished\":\"2024-11-04T16:08:27+00:00\",\"dateModified\":\"2025-10-01T07:33:42+00:00\",\"description\":\"Rejoignez Servi-Paies ! Int\u00e9grez une \u00e9quipe dynamique et d\u00e9veloppez vos comp\u00e9tences dans un cabinet en croissance\",\"breadcrumb\":{\"@id\":\"https:\/\/www.servi-paies.fr\/fr\/recrutement\/#breadcrumb\"},\"inLanguage\":\"fr-FR\",\"potentialAction\":[{\"@type\":\"ReadAction\",\"target\":[\"https:\/\/www.servi-paies.fr\/fr\/recrutement\/\"]}]},{\"@type\":\"ImageObject\",\"inLanguage\":\"fr-FR\",\"@id\":\"https:\/\/www.servi-paies.fr\/fr\/recrutement\/#primaryimage\",\"url\":\"https:\/\/www.servi-paies.fr\/fr\/wp-content\/uploads\/2024\/11\/AdobeStock_212736579-2.png\",\"contentUrl\":\"https:\/\/www.servi-paies.fr\/fr\/wp-content\/uploads\/2024\/11\/AdobeStock_212736579-2.png\",\"width\":240,\"height\":175},{\"@type\":\"BreadcrumbList\",\"@id\":\"https:\/\/www.servi-paies.fr\/fr\/recrutement\/#breadcrumb\",\"itemListElement\":[{\"@type\":\"ListItem\",\"position\":1,\"name\":\"Accueil\",\"item\":\"https:\/\/www.servi-paies.fr\/fr\/\"},{\"@type\":\"ListItem\",\"position\":2,\"name\":\"Rejoignez-nous\"}]},{\"@type\":\"WebSite\",\"@id\":\"https:\/\/www.servi-paies.fr\/fr\/#website\",\"url\":\"https:\/\/www.servi-paies.fr\/fr\/\",\"name\":\"SERVI-PAIES\",\"description\":\"Traitement de la paie et des services RH pour  experts-comptables et entreprises en Ille-et-Vilaine\",\"publisher\":{\"@id\":\"https:\/\/www.servi-paies.fr\/fr\/#organization\"},\"potentialAction\":[{\"@type\":\"SearchAction\",\"target\":{\"@type\":\"EntryPoint\",\"urlTemplate\":\"https:\/\/www.servi-paies.fr\/fr\/?s={search_term_string}\"},\"query-input\":{\"@type\":\"PropertyValueSpecification\",\"valueRequired\":true,\"valueName\":\"search_term_string\"}}],\"inLanguage\":\"fr-FR\"},{\"@type\":\"Organization\",\"@id\":\"https:\/\/www.servi-paies.fr\/fr\/#organization\",\"name\":\"SERVI-PAIES\",\"url\":\"https:\/\/www.servi-paies.fr\/fr\/\",\"logo\":{\"@type\":\"ImageObject\",\"inLanguage\":\"fr-FR\",\"@id\":\"https:\/\/www.servi-paies.fr\/fr\/#\/schema\/logo\/image\/\",\"url\":\"https:\/\/www.servi-paies.fr\/fr\/wp-content\/uploads\/2024\/10\/partner.gif\",\"contentUrl\":\"https:\/\/www.servi-paies.fr\/fr\/wp-content\/uploads\/2024\/10\/partner.gif\",\"width\":1000,\"height\":350,\"caption\":\"SERVI-PAIES\"},\"image\":{\"@id\":\"https:\/\/www.servi-paies.fr\/fr\/#\/schema\/logo\/image\/\"},\"sameAs\":[\"https:\/\/www.facebook.com\/servipaies\",\"https:\/\/www.linkedin.com\/company\/servi-paies\/\"]}]}<\/script>\n<!-- \/ Yoast SEO plugin. -->","yoast_head_json":{"title":"SERVI-PAIES - Rejoignez-nous","description":"Rejoignez Servi-Paies ! Int\u00e9grez une \u00e9quipe dynamique et d\u00e9veloppez vos comp\u00e9tences dans un cabinet en croissance","robots":{"index":"index","follow":"follow","max-snippet":"max-snippet:-1","max-image-preview":"max-image-preview:large","max-video-preview":"max-video-preview:-1"},"canonical":"https:\/\/www.servi-paies.fr\/fr\/recrutement\/","og_locale":"fr_FR","og_type":"article","og_title":"SERVI-PAIES - Rejoignez-nous","og_description":"Rejoignez Servi-Paies ! Int\u00e9grez une \u00e9quipe dynamique et d\u00e9veloppez vos comp\u00e9tences dans un cabinet en croissance","og_url":"https:\/\/www.servi-paies.fr\/fr\/recrutement\/","og_site_name":"SERVI-PAIES","article_publisher":"https:\/\/www.facebook.com\/servipaies","article_modified_time":"2025-10-01T07:33:42+00:00","og_image":[{"width":240,"height":175,"url":"https:\/\/www.servi-paies.fr\/fr\/wp-content\/uploads\/2024\/11\/AdobeStock_212736579-2.png","type":"image\/png"}],"twitter_card":"summary_large_image","twitter_misc":{"Dur\u00e9e de lecture estim\u00e9e":"1 minute"},"schema":{"@context":"https:\/\/schema.org","@graph":[{"@type":"WebPage","@id":"https:\/\/www.servi-paies.fr\/fr\/recrutement\/","url":"https:\/\/www.servi-paies.fr\/fr\/recrutement\/","name":"SERVI-PAIES - Rejoignez-nous","isPartOf":{"@id":"https:\/\/www.servi-paies.fr\/fr\/#website"},"primaryImageOfPage":{"@id":"https:\/\/www.servi-paies.fr\/fr\/recrutement\/#primaryimage"},"image":{"@id":"https:\/\/www.servi-paies.fr\/fr\/recrutement\/#primaryimage"},"thumbnailUrl":"https:\/\/www.servi-paies.fr\/fr\/wp-content\/uploads\/2024\/11\/AdobeStock_212736579-2.png","datePublished":"2024-11-04T16:08:27+00:00","dateModified":"2025-10-01T07:33:42+00:00","description":"Rejoignez Servi-Paies ! Int\u00e9grez une \u00e9quipe dynamique et d\u00e9veloppez vos comp\u00e9tences dans un cabinet en croissance","breadcrumb":{"@id":"https:\/\/www.servi-paies.fr\/fr\/recrutement\/#breadcrumb"},"inLanguage":"fr-FR","potentialAction":[{"@type":"ReadAction","target":["https:\/\/www.servi-paies.fr\/fr\/recrutement\/"]}]},{"@type":"ImageObject","inLanguage":"fr-FR","@id":"https:\/\/www.servi-paies.fr\/fr\/recrutement\/#primaryimage","url":"https:\/\/www.servi-paies.fr\/fr\/wp-content\/uploads\/2024\/11\/AdobeStock_212736579-2.png","contentUrl":"https:\/\/www.servi-paies.fr\/fr\/wp-content\/uploads\/2024\/11\/AdobeStock_212736579-2.png","width":240,"height":175},{"@type":"BreadcrumbList","@id":"https:\/\/www.servi-paies.fr\/fr\/recrutement\/#breadcrumb","itemListElement":[{"@type":"ListItem","position":1,"name":"Accueil","item":"https:\/\/www.servi-paies.fr\/fr\/"},{"@type":"ListItem","position":2,"name":"Rejoignez-nous"}]},{"@type":"WebSite","@id":"https:\/\/www.servi-paies.fr\/fr\/#website","url":"https:\/\/www.servi-paies.fr\/fr\/","name":"SERVI-PAIES","description":"Traitement de la paie et des services RH pour  experts-comptables et entreprises en Ille-et-Vilaine","publisher":{"@id":"https:\/\/www.servi-paies.fr\/fr\/#organization"},"potentialAction":[{"@type":"SearchAction","target":{"@type":"EntryPoint","urlTemplate":"https:\/\/www.servi-paies.fr\/fr\/?s={search_term_string}"},"query-input":{"@type":"PropertyValueSpecification","valueRequired":true,"valueName":"search_term_string"}}],"inLanguage":"fr-FR"},{"@type":"Organization","@id":"https:\/\/www.servi-paies.fr\/fr\/#organization","name":"SERVI-PAIES","url":"https:\/\/www.servi-paies.fr\/fr\/","logo":{"@type":"ImageObject","inLanguage":"fr-FR","@id":"https:\/\/www.servi-paies.fr\/fr\/#\/schema\/logo\/image\/","url":"https:\/\/www.servi-paies.fr\/fr\/wp-content\/uploads\/2024\/10\/partner.gif","contentUrl":"https:\/\/www.servi-paies.fr\/fr\/wp-content\/uploads\/2024\/10\/partner.gif","width":1000,"height":350,"caption":"SERVI-PAIES"},"image":{"@id":"https:\/\/www.servi-paies.fr\/fr\/#\/schema\/logo\/image\/"},"sameAs":["https:\/\/www.facebook.com\/servipaies","https:\/\/www.linkedin.com\/company\/servi-paies\/"]}]}},"_links":{"self":[{"href":"https:\/\/www.servi-paies.fr\/fr\/wp-json\/wp\/v2\/pages\/534","targetHints":{"allow":["GET"]}}],"collection":[{"href":"https:\/\/www.servi-paies.fr\/fr\/wp-json\/wp\/v2\/pages"}],"about":[{"href":"https:\/\/www.servi-paies.fr\/fr\/wp-json\/wp\/v2\/types\/page"}],"author":[{"embeddable":true,"href":"https:\/\/www.servi-paies.fr\/fr\/wp-json\/wp\/v2\/users\/1"}],"replies":[{"embeddable":true,"href":"https:\/\/www.servi-paies.fr\/fr\/wp-json\/wp\/v2\/comments?post=534"}],"version-history":[{"count":40,"href":"https:\/\/www.servi-paies.fr\/fr\/wp-json\/wp\/v2\/pages\/534\/revisions"}],"predecessor-version":[{"id":706,"href":"https:\/\/www.servi-paies.fr\/fr\/wp-json\/wp\/v2\/pages\/534\/revisions\/706"}],"wp:attachment":[{"href":"https:\/\/www.servi-paies.fr\/fr\/wp-json\/wp\/v2\/media?parent=534"}],"curies":[{"name":"wp","href":"https:\/\/api.w.org\/{rel}","templated":true}]}}