{"id":493,"date":"2024-10-31T15:01:01","date_gmt":"2024-10-31T14:01:01","guid":{"rendered":"https:\/\/www.servi-paies.fr\/fr\/?page_id=493"},"modified":"2025-10-01T09:19:03","modified_gmt":"2025-10-01T07:19:03","slug":"nous-connaitre","status":"publish","type":"page","link":"https:\/\/www.servi-paies.fr\/fr\/nous-connaitre\/","title":{"rendered":"Nous connaitre"},"content":{"rendered":"\n<div class=\"wp-block-group alignwide has-global-padding is-content-justification-center is-layout-constrained wp-container-core-group-is-layout-0de1d4f4 wp-block-group-is-layout-constrained\">\n<div class=\"wp-block-group is-vertical is-content-justification-center is-layout-flex wp-container-core-group-is-layout-ce155fab wp-block-group-is-layout-flex\">\n<h2 class=\"wp-block-heading has-text-align-center\">Notre Histoire<\/h2>\n\n\n\n<div class=\"wp-block-eds-animate-it-block eds-animate-block-save\"><div class=\"eds-animate animated edsanimate-sis-hidden  \" data-eds-entry-animation=\"fadeInLeftBig\" data-eds-entry-delay=\"0\" data-eds-entry-duration=\"0.5\" data-eds-entry-timing=\"linear\" data-eds-exit-animation=\"\" data-eds-exit-delay=\"0\" data-eds-exit-duration=\"0.5\" data-eds-exit-timing=\"linear\" data-eds-repeat-count=\"1\" data-eds-keep=\"yes\" data-eds-animate-on=\"load\" data-eds-scroll-offset=\"\">\n<figure class=\"wp-block-image size-full\"><img loading=\"lazy\" decoding=\"async\" width=\"1100\" height=\"650\" src=\"https:\/\/www.servi-paies.fr\/fr\/wp-content\/uploads\/2024\/11\/frise2-4.jpg\" alt=\"\" class=\"wp-image-576\" srcset=\"https:\/\/www.servi-paies.fr\/fr\/wp-content\/uploads\/2024\/11\/frise2-4.jpg 1100w, https:\/\/www.servi-paies.fr\/fr\/wp-content\/uploads\/2024\/11\/frise2-4-300x177.jpg 300w, https:\/\/www.servi-paies.fr\/fr\/wp-content\/uploads\/2024\/11\/frise2-4-1024x605.jpg 1024w, https:\/\/www.servi-paies.fr\/fr\/wp-content\/uploads\/2024\/11\/frise2-4-768x454.jpg 768w\" sizes=\"auto, (max-width: 1100px) 100vw, 1100px\" \/><\/figure>\n<\/div><\/div>\n\n\n\n<div class=\"wp-block-group alignwide has-global-padding is-layout-constrained wp-block-group-is-layout-constrained\">\n<p class=\"has-text-align-center font-orange alignwide\"><strong>Notre priorit\u00e9 est d\u2019apporter un service de qualit\u00e9 irr\u00e9prochable et une r\u00e9activit\u00e9 face aux demandes croissantes de nos clients.<\/strong><\/p>\n\n\n\n<p class=\"has-text-align-center noir alignwide\">Nous devons d\u00e9charger les entreprises d\u2019un maximum de t\u00e2ches chronophages tout en fiabilisant leur environnement social permettant ainsi aux dirigeants de se consacrer pleinement \u00e0 leur entreprise.<\/p>\n<\/div>\n<\/div>\n<\/div>\n","protected":false},"excerpt":{"rendered":"<p>Notre Histoire Notre priorit\u00e9 est d\u2019apporter un service de qualit\u00e9 irr\u00e9prochable et une r\u00e9activit\u00e9 face aux demandes croissantes de nos clients. Nous devons d\u00e9charger les entreprises d\u2019un maximum de t\u00e2ches chronophages tout en fiabilisant leur environnement social permettant ainsi aux dirigeants de se consacrer pleinement \u00e0 leur entreprise.<\/p>\n","protected":false},"author":1,"featured_media":0,"parent":0,"menu_order":0,"comment_status":"closed","ping_status":"closed","template":"","meta":{"footnotes":""},"class_list":["post-493","page","type-page","status-publish","hentry"],"yoast_head":"<!-- This site is optimized with the Yoast SEO plugin v23.8 - https:\/\/yoast.com\/wordpress\/plugins\/seo\/ -->\n<title>Traitement de la paie et des services RH pour experts-comptables et entreprises en Ille-et-Vilaine - Nous connaitre SERVI-PAIES<\/title>\n<meta name=\"description\" content=\"D\u00e9couvrez Servi-Paies, cabinet sp\u00e9cialis\u00e9 en gestion de la paie et RH. Expertise, proximit\u00e9 et solutions adapt\u00e9es \u00e0 vos besoins.\" \/>\n<meta name=\"robots\" content=\"index, follow, max-snippet:-1, max-image-preview:large, max-video-preview:-1\" \/>\n<link rel=\"canonical\" href=\"https:\/\/www.servi-paies.fr\/fr\/nous-connaitre\/\" \/>\n<meta property=\"og:locale\" content=\"fr_FR\" \/>\n<meta property=\"og:type\" content=\"article\" \/>\n<meta property=\"og:title\" content=\"Traitement de la paie et des services RH pour experts-comptables et entreprises en Ille-et-Vilaine - Nous connaitre SERVI-PAIES\" \/>\n<meta property=\"og:description\" content=\"D\u00e9couvrez Servi-Paies, cabinet sp\u00e9cialis\u00e9 en gestion de la paie et RH. Expertise, proximit\u00e9 et solutions adapt\u00e9es \u00e0 vos besoins.\" \/>\n<meta property=\"og:url\" content=\"https:\/\/www.servi-paies.fr\/fr\/nous-connaitre\/\" \/>\n<meta property=\"og:site_name\" content=\"SERVI-PAIES\" \/>\n<meta property=\"article:publisher\" content=\"https:\/\/www.facebook.com\/servipaies\" \/>\n<meta property=\"article:modified_time\" content=\"2025-10-01T07:19:03+00:00\" \/>\n<meta property=\"og:image\" content=\"https:\/\/www.servi-paies.fr\/fr\/wp-content\/uploads\/2024\/11\/frise2-4.jpg\" \/>\n\t<meta property=\"og:image:width\" content=\"1100\" \/>\n\t<meta property=\"og:image:height\" content=\"650\" \/>\n\t<meta property=\"og:image:type\" content=\"image\/jpeg\" \/>\n<meta name=\"twitter:card\" content=\"summary_large_image\" \/>\n<meta name=\"twitter:label1\" content=\"Dur\u00e9e de lecture estim\u00e9e\" \/>\n\t<meta name=\"twitter:data1\" content=\"1 minute\" \/>\n<script type=\"application\/ld+json\" class=\"yoast-schema-graph\">{\"@context\":\"https:\/\/schema.org\",\"@graph\":[{\"@type\":\"WebPage\",\"@id\":\"https:\/\/www.servi-paies.fr\/fr\/nous-connaitre\/\",\"url\":\"https:\/\/www.servi-paies.fr\/fr\/nous-connaitre\/\",\"name\":\"Traitement de la paie et des services RH pour experts-comptables et entreprises en Ille-et-Vilaine - Nous connaitre SERVI-PAIES\",\"isPartOf\":{\"@id\":\"https:\/\/www.servi-paies.fr\/fr\/#website\"},\"primaryImageOfPage\":{\"@id\":\"https:\/\/www.servi-paies.fr\/fr\/nous-connaitre\/#primaryimage\"},\"image\":{\"@id\":\"https:\/\/www.servi-paies.fr\/fr\/nous-connaitre\/#primaryimage\"},\"thumbnailUrl\":\"https:\/\/www.servi-paies.fr\/fr\/wp-content\/uploads\/2024\/11\/frise2-4.jpg\",\"datePublished\":\"2024-10-31T14:01:01+00:00\",\"dateModified\":\"2025-10-01T07:19:03+00:00\",\"description\":\"D\u00e9couvrez Servi-Paies, cabinet sp\u00e9cialis\u00e9 en gestion de la paie et RH. Expertise, proximit\u00e9 et solutions adapt\u00e9es \u00e0 vos besoins.\",\"breadcrumb\":{\"@id\":\"https:\/\/www.servi-paies.fr\/fr\/nous-connaitre\/#breadcrumb\"},\"inLanguage\":\"fr-FR\",\"potentialAction\":[{\"@type\":\"ReadAction\",\"target\":[\"https:\/\/www.servi-paies.fr\/fr\/nous-connaitre\/\"]}]},{\"@type\":\"ImageObject\",\"inLanguage\":\"fr-FR\",\"@id\":\"https:\/\/www.servi-paies.fr\/fr\/nous-connaitre\/#primaryimage\",\"url\":\"https:\/\/www.servi-paies.fr\/fr\/wp-content\/uploads\/2024\/11\/frise2-4.jpg\",\"contentUrl\":\"https:\/\/www.servi-paies.fr\/fr\/wp-content\/uploads\/2024\/11\/frise2-4.jpg\",\"width\":1100,\"height\":650},{\"@type\":\"BreadcrumbList\",\"@id\":\"https:\/\/www.servi-paies.fr\/fr\/nous-connaitre\/#breadcrumb\",\"itemListElement\":[{\"@type\":\"ListItem\",\"position\":1,\"name\":\"Accueil\",\"item\":\"https:\/\/www.servi-paies.fr\/fr\/\"},{\"@type\":\"ListItem\",\"position\":2,\"name\":\"Nous connaitre\"}]},{\"@type\":\"WebSite\",\"@id\":\"https:\/\/www.servi-paies.fr\/fr\/#website\",\"url\":\"https:\/\/www.servi-paies.fr\/fr\/\",\"name\":\"SERVI-PAIES\",\"description\":\"Traitement de la paie et des services RH pour  experts-comptables et entreprises en Ille-et-Vilaine\",\"publisher\":{\"@id\":\"https:\/\/www.servi-paies.fr\/fr\/#organization\"},\"potentialAction\":[{\"@type\":\"SearchAction\",\"target\":{\"@type\":\"EntryPoint\",\"urlTemplate\":\"https:\/\/www.servi-paies.fr\/fr\/?s={search_term_string}\"},\"query-input\":{\"@type\":\"PropertyValueSpecification\",\"valueRequired\":true,\"valueName\":\"search_term_string\"}}],\"inLanguage\":\"fr-FR\"},{\"@type\":\"Organization\",\"@id\":\"https:\/\/www.servi-paies.fr\/fr\/#organization\",\"name\":\"SERVI-PAIES\",\"url\":\"https:\/\/www.servi-paies.fr\/fr\/\",\"logo\":{\"@type\":\"ImageObject\",\"inLanguage\":\"fr-FR\",\"@id\":\"https:\/\/www.servi-paies.fr\/fr\/#\/schema\/logo\/image\/\",\"url\":\"https:\/\/www.servi-paies.fr\/fr\/wp-content\/uploads\/2024\/10\/partner.gif\",\"contentUrl\":\"https:\/\/www.servi-paies.fr\/fr\/wp-content\/uploads\/2024\/10\/partner.gif\",\"width\":1000,\"height\":350,\"caption\":\"SERVI-PAIES\"},\"image\":{\"@id\":\"https:\/\/www.servi-paies.fr\/fr\/#\/schema\/logo\/image\/\"},\"sameAs\":[\"https:\/\/www.facebook.com\/servipaies\",\"https:\/\/www.linkedin.com\/company\/servi-paies\/\"]}]}<\/script>\n<!-- \/ Yoast SEO plugin. -->","yoast_head_json":{"title":"Traitement de la paie et des services RH pour experts-comptables et entreprises en Ille-et-Vilaine - Nous connaitre SERVI-PAIES","description":"D\u00e9couvrez Servi-Paies, cabinet sp\u00e9cialis\u00e9 en gestion de la paie et RH. Expertise, proximit\u00e9 et solutions adapt\u00e9es \u00e0 vos besoins.","robots":{"index":"index","follow":"follow","max-snippet":"max-snippet:-1","max-image-preview":"max-image-preview:large","max-video-preview":"max-video-preview:-1"},"canonical":"https:\/\/www.servi-paies.fr\/fr\/nous-connaitre\/","og_locale":"fr_FR","og_type":"article","og_title":"Traitement de la paie et des services RH pour experts-comptables et entreprises en Ille-et-Vilaine - Nous connaitre SERVI-PAIES","og_description":"D\u00e9couvrez Servi-Paies, cabinet sp\u00e9cialis\u00e9 en gestion de la paie et RH. Expertise, proximit\u00e9 et solutions adapt\u00e9es \u00e0 vos besoins.","og_url":"https:\/\/www.servi-paies.fr\/fr\/nous-connaitre\/","og_site_name":"SERVI-PAIES","article_publisher":"https:\/\/www.facebook.com\/servipaies","article_modified_time":"2025-10-01T07:19:03+00:00","og_image":[{"width":1100,"height":650,"url":"https:\/\/www.servi-paies.fr\/fr\/wp-content\/uploads\/2024\/11\/frise2-4.jpg","type":"image\/jpeg"}],"twitter_card":"summary_large_image","twitter_misc":{"Dur\u00e9e de lecture estim\u00e9e":"1 minute"},"schema":{"@context":"https:\/\/schema.org","@graph":[{"@type":"WebPage","@id":"https:\/\/www.servi-paies.fr\/fr\/nous-connaitre\/","url":"https:\/\/www.servi-paies.fr\/fr\/nous-connaitre\/","name":"Traitement de la paie et des services RH pour experts-comptables et entreprises en Ille-et-Vilaine - Nous connaitre SERVI-PAIES","isPartOf":{"@id":"https:\/\/www.servi-paies.fr\/fr\/#website"},"primaryImageOfPage":{"@id":"https:\/\/www.servi-paies.fr\/fr\/nous-connaitre\/#primaryimage"},"image":{"@id":"https:\/\/www.servi-paies.fr\/fr\/nous-connaitre\/#primaryimage"},"thumbnailUrl":"https:\/\/www.servi-paies.fr\/fr\/wp-content\/uploads\/2024\/11\/frise2-4.jpg","datePublished":"2024-10-31T14:01:01+00:00","dateModified":"2025-10-01T07:19:03+00:00","description":"D\u00e9couvrez Servi-Paies, cabinet sp\u00e9cialis\u00e9 en gestion de la paie et RH. Expertise, proximit\u00e9 et solutions adapt\u00e9es \u00e0 vos besoins.","breadcrumb":{"@id":"https:\/\/www.servi-paies.fr\/fr\/nous-connaitre\/#breadcrumb"},"inLanguage":"fr-FR","potentialAction":[{"@type":"ReadAction","target":["https:\/\/www.servi-paies.fr\/fr\/nous-connaitre\/"]}]},{"@type":"ImageObject","inLanguage":"fr-FR","@id":"https:\/\/www.servi-paies.fr\/fr\/nous-connaitre\/#primaryimage","url":"https:\/\/www.servi-paies.fr\/fr\/wp-content\/uploads\/2024\/11\/frise2-4.jpg","contentUrl":"https:\/\/www.servi-paies.fr\/fr\/wp-content\/uploads\/2024\/11\/frise2-4.jpg","width":1100,"height":650},{"@type":"BreadcrumbList","@id":"https:\/\/www.servi-paies.fr\/fr\/nous-connaitre\/#breadcrumb","itemListElement":[{"@type":"ListItem","position":1,"name":"Accueil","item":"https:\/\/www.servi-paies.fr\/fr\/"},{"@type":"ListItem","position":2,"name":"Nous connaitre"}]},{"@type":"WebSite","@id":"https:\/\/www.servi-paies.fr\/fr\/#website","url":"https:\/\/www.servi-paies.fr\/fr\/","name":"SERVI-PAIES","description":"Traitement de la paie et des services RH pour  experts-comptables et entreprises en Ille-et-Vilaine","publisher":{"@id":"https:\/\/www.servi-paies.fr\/fr\/#organization"},"potentialAction":[{"@type":"SearchAction","target":{"@type":"EntryPoint","urlTemplate":"https:\/\/www.servi-paies.fr\/fr\/?s={search_term_string}"},"query-input":{"@type":"PropertyValueSpecification","valueRequired":true,"valueName":"search_term_string"}}],"inLanguage":"fr-FR"},{"@type":"Organization","@id":"https:\/\/www.servi-paies.fr\/fr\/#organization","name":"SERVI-PAIES","url":"https:\/\/www.servi-paies.fr\/fr\/","logo":{"@type":"ImageObject","inLanguage":"fr-FR","@id":"https:\/\/www.servi-paies.fr\/fr\/#\/schema\/logo\/image\/","url":"https:\/\/www.servi-paies.fr\/fr\/wp-content\/uploads\/2024\/10\/partner.gif","contentUrl":"https:\/\/www.servi-paies.fr\/fr\/wp-content\/uploads\/2024\/10\/partner.gif","width":1000,"height":350,"caption":"SERVI-PAIES"},"image":{"@id":"https:\/\/www.servi-paies.fr\/fr\/#\/schema\/logo\/image\/"},"sameAs":["https:\/\/www.facebook.com\/servipaies","https:\/\/www.linkedin.com\/company\/servi-paies\/"]}]}},"_links":{"self":[{"href":"https:\/\/www.servi-paies.fr\/fr\/wp-json\/wp\/v2\/pages\/493","targetHints":{"allow":["GET"]}}],"collection":[{"href":"https:\/\/www.servi-paies.fr\/fr\/wp-json\/wp\/v2\/pages"}],"about":[{"href":"https:\/\/www.servi-paies.fr\/fr\/wp-json\/wp\/v2\/types\/page"}],"author":[{"embeddable":true,"href":"https:\/\/www.servi-paies.fr\/fr\/wp-json\/wp\/v2\/users\/1"}],"replies":[{"embeddable":true,"href":"https:\/\/www.servi-paies.fr\/fr\/wp-json\/wp\/v2\/comments?post=493"}],"version-history":[{"count":25,"href":"https:\/\/www.servi-paies.fr\/fr\/wp-json\/wp\/v2\/pages\/493\/revisions"}],"predecessor-version":[{"id":700,"href":"https:\/\/www.servi-paies.fr\/fr\/wp-json\/wp\/v2\/pages\/493\/revisions\/700"}],"wp:attachment":[{"href":"https:\/\/www.servi-paies.fr\/fr\/wp-json\/wp\/v2\/media?parent=493"}],"curies":[{"name":"wp","href":"https:\/\/api.w.org\/{rel}","templated":true}]}}