{"id":398,"date":"2024-10-29T11:39:47","date_gmt":"2024-10-29T10:39:47","guid":{"rendered":"https:\/\/www.servi-paies.fr\/fr\/?page_id=398"},"modified":"2025-10-01T10:53:07","modified_gmt":"2025-10-01T08:53:07","slug":"politique-de-confidentialite","status":"publish","type":"page","link":"https:\/\/www.servi-paies.fr\/fr\/politique-de-confidentialite\/","title":{"rendered":"Politique de confidentialit\u00e9"},"content":{"rendered":"\n<p>Pour g\u00e9rer les cookies et les technologies similaires utilis\u00e9es (pixels de suivi, balises web, etc.) et les consentements correspondants, nous utilisons l&rsquo;outil de consentement \u00ab\u00a0Real Cookie Banner\u00a0\u00bb. Vous trouverez des d\u00e9tails sur le fonctionnement de \u00ab\u00a0Real Cookie Banner\u00a0\u00bb \u00e0 l&rsquo;adresse suivante : <a href=\"https:\/\/devowl.io\/rcb\/data-processing\/\" rel=\"noreferrer noopener\" target=\"_blank\">https:\/\/devowl.io\/rcb\/data-processing\/<\/a>.<\/p>\n\n\n\n<p>La base juridique du traitement des donn\u00e9es \u00e0 caract\u00e8re personnel dans ce contexte est l&rsquo;articles 6, paragraphe 1, point c) et (1) (f) du RGPD. Notre int\u00e9r\u00eat l\u00e9gitime est la gestion des cookies et des technologies similaires utilis\u00e9es et des consentements correspondants.<\/p>\n\n\n\n<p>La fourniture de donn\u00e9es \u00e0 caract\u00e8re personnel n&rsquo;est ni exig\u00e9e contractuellement ni n\u00e9cessaire \u00e0 la conclusion d&rsquo;un contrat. Vous n&rsquo;\u00eates pas oblig\u00e9 de fournir les donn\u00e9es \u00e0 caract\u00e8re personnel. Si vous ne fournissez pas les donn\u00e9es personnelles, nous ne serons pas en mesure de g\u00e9rer vos consentements.<\/p>\n","protected":false},"excerpt":{"rendered":"<p>Pour g\u00e9rer les cookies et les technologies similaires utilis\u00e9es (pixels de suivi, balises web, etc.) et les consentements correspondants, nous utilisons l&rsquo;outil de consentement \u00ab\u00a0Real Cookie Banner\u00a0\u00bb. Vous trouverez des d\u00e9tails sur le fonctionnement de \u00ab\u00a0Real Cookie Banner\u00a0\u00bb \u00e0 l&rsquo;adresse suivante : https:\/\/devowl.io\/rcb\/data-processing\/. La base juridique du traitement des donn\u00e9es \u00e0 caract\u00e8re personnel dans ce [&hellip;]<\/p>\n","protected":false},"author":1,"featured_media":0,"parent":0,"menu_order":0,"comment_status":"closed","ping_status":"closed","template":"","meta":{"footnotes":""},"class_list":["post-398","page","type-page","status-publish","hentry"],"yoast_head":"<!-- This site is optimized with the Yoast SEO plugin v23.8 - https:\/\/yoast.com\/wordpress\/plugins\/seo\/ -->\n<title>SERVI-PAIES - Politique de confidentialit\u00e9<\/title>\n<meta name=\"description\" content=\"Consultez la politique de confidentialit\u00e9 de Servi-Paies : protection des donn\u00e9es personnelles, conformit\u00e9 RGPD, s\u00e9curit\u00e9 et transparence\" \/>\n<meta name=\"robots\" content=\"index, follow, max-snippet:-1, max-image-preview:large, max-video-preview:-1\" \/>\n<link rel=\"canonical\" href=\"https:\/\/www.servi-paies.fr\/fr\/politique-de-confidentialite\/\" \/>\n<meta property=\"og:locale\" content=\"fr_FR\" \/>\n<meta property=\"og:type\" content=\"article\" \/>\n<meta property=\"og:title\" content=\"SERVI-PAIES - Politique de confidentialit\u00e9\" \/>\n<meta property=\"og:description\" content=\"Consultez la politique de confidentialit\u00e9 de Servi-Paies : protection des donn\u00e9es personnelles, conformit\u00e9 RGPD, s\u00e9curit\u00e9 et transparence\" \/>\n<meta property=\"og:url\" content=\"https:\/\/www.servi-paies.fr\/fr\/politique-de-confidentialite\/\" \/>\n<meta property=\"og:site_name\" content=\"SERVI-PAIES\" \/>\n<meta property=\"article:publisher\" content=\"https:\/\/www.facebook.com\/servipaies\" \/>\n<meta property=\"article:modified_time\" content=\"2025-10-01T08:53:07+00:00\" \/>\n<meta property=\"og:image\" content=\"https:\/\/www.servi-paies.fr\/fr\/wp-content\/uploads\/2024\/10\/partner.gif\" \/>\n\t<meta property=\"og:image:width\" content=\"1000\" \/>\n\t<meta property=\"og:image:height\" content=\"350\" \/>\n\t<meta property=\"og:image:type\" content=\"image\/gif\" \/>\n<meta name=\"twitter:card\" content=\"summary_large_image\" \/>\n<meta name=\"twitter:label1\" content=\"Dur\u00e9e de lecture estim\u00e9e\" \/>\n\t<meta name=\"twitter:data1\" content=\"1 minute\" \/>\n<script type=\"application\/ld+json\" class=\"yoast-schema-graph\">{\"@context\":\"https:\/\/schema.org\",\"@graph\":[{\"@type\":\"WebPage\",\"@id\":\"https:\/\/www.servi-paies.fr\/fr\/politique-de-confidentialite\/\",\"url\":\"https:\/\/www.servi-paies.fr\/fr\/politique-de-confidentialite\/\",\"name\":\"SERVI-PAIES - Politique de confidentialit\u00e9\",\"isPartOf\":{\"@id\":\"https:\/\/www.servi-paies.fr\/fr\/#website\"},\"datePublished\":\"2024-10-29T10:39:47+00:00\",\"dateModified\":\"2025-10-01T08:53:07+00:00\",\"description\":\"Consultez la politique de confidentialit\u00e9 de Servi-Paies : protection des donn\u00e9es personnelles, conformit\u00e9 RGPD, s\u00e9curit\u00e9 et transparence\",\"breadcrumb\":{\"@id\":\"https:\/\/www.servi-paies.fr\/fr\/politique-de-confidentialite\/#breadcrumb\"},\"inLanguage\":\"fr-FR\",\"potentialAction\":[{\"@type\":\"ReadAction\",\"target\":[\"https:\/\/www.servi-paies.fr\/fr\/politique-de-confidentialite\/\"]}]},{\"@type\":\"BreadcrumbList\",\"@id\":\"https:\/\/www.servi-paies.fr\/fr\/politique-de-confidentialite\/#breadcrumb\",\"itemListElement\":[{\"@type\":\"ListItem\",\"position\":1,\"name\":\"Accueil\",\"item\":\"https:\/\/www.servi-paies.fr\/fr\/\"},{\"@type\":\"ListItem\",\"position\":2,\"name\":\"Politique de confidentialit\u00e9\"}]},{\"@type\":\"WebSite\",\"@id\":\"https:\/\/www.servi-paies.fr\/fr\/#website\",\"url\":\"https:\/\/www.servi-paies.fr\/fr\/\",\"name\":\"SERVI-PAIES\",\"description\":\"Traitement de la paie et des services RH pour  experts-comptables et entreprises en Ille-et-Vilaine\",\"publisher\":{\"@id\":\"https:\/\/www.servi-paies.fr\/fr\/#organization\"},\"potentialAction\":[{\"@type\":\"SearchAction\",\"target\":{\"@type\":\"EntryPoint\",\"urlTemplate\":\"https:\/\/www.servi-paies.fr\/fr\/?s={search_term_string}\"},\"query-input\":{\"@type\":\"PropertyValueSpecification\",\"valueRequired\":true,\"valueName\":\"search_term_string\"}}],\"inLanguage\":\"fr-FR\"},{\"@type\":\"Organization\",\"@id\":\"https:\/\/www.servi-paies.fr\/fr\/#organization\",\"name\":\"SERVI-PAIES\",\"url\":\"https:\/\/www.servi-paies.fr\/fr\/\",\"logo\":{\"@type\":\"ImageObject\",\"inLanguage\":\"fr-FR\",\"@id\":\"https:\/\/www.servi-paies.fr\/fr\/#\/schema\/logo\/image\/\",\"url\":\"https:\/\/www.servi-paies.fr\/fr\/wp-content\/uploads\/2024\/10\/partner.gif\",\"contentUrl\":\"https:\/\/www.servi-paies.fr\/fr\/wp-content\/uploads\/2024\/10\/partner.gif\",\"width\":1000,\"height\":350,\"caption\":\"SERVI-PAIES\"},\"image\":{\"@id\":\"https:\/\/www.servi-paies.fr\/fr\/#\/schema\/logo\/image\/\"},\"sameAs\":[\"https:\/\/www.facebook.com\/servipaies\",\"https:\/\/www.linkedin.com\/company\/servi-paies\/\"]}]}<\/script>\n<!-- \/ Yoast SEO plugin. -->","yoast_head_json":{"title":"SERVI-PAIES - Politique de confidentialit\u00e9","description":"Consultez la politique de confidentialit\u00e9 de Servi-Paies : protection des donn\u00e9es personnelles, conformit\u00e9 RGPD, s\u00e9curit\u00e9 et transparence","robots":{"index":"index","follow":"follow","max-snippet":"max-snippet:-1","max-image-preview":"max-image-preview:large","max-video-preview":"max-video-preview:-1"},"canonical":"https:\/\/www.servi-paies.fr\/fr\/politique-de-confidentialite\/","og_locale":"fr_FR","og_type":"article","og_title":"SERVI-PAIES - Politique de confidentialit\u00e9","og_description":"Consultez la politique de confidentialit\u00e9 de Servi-Paies : protection des donn\u00e9es personnelles, conformit\u00e9 RGPD, s\u00e9curit\u00e9 et transparence","og_url":"https:\/\/www.servi-paies.fr\/fr\/politique-de-confidentialite\/","og_site_name":"SERVI-PAIES","article_publisher":"https:\/\/www.facebook.com\/servipaies","article_modified_time":"2025-10-01T08:53:07+00:00","og_image":[{"width":1000,"height":350,"url":"https:\/\/www.servi-paies.fr\/fr\/wp-content\/uploads\/2024\/10\/partner.gif","type":"image\/gif"}],"twitter_card":"summary_large_image","twitter_misc":{"Dur\u00e9e de lecture estim\u00e9e":"1 minute"},"schema":{"@context":"https:\/\/schema.org","@graph":[{"@type":"WebPage","@id":"https:\/\/www.servi-paies.fr\/fr\/politique-de-confidentialite\/","url":"https:\/\/www.servi-paies.fr\/fr\/politique-de-confidentialite\/","name":"SERVI-PAIES - Politique de confidentialit\u00e9","isPartOf":{"@id":"https:\/\/www.servi-paies.fr\/fr\/#website"},"datePublished":"2024-10-29T10:39:47+00:00","dateModified":"2025-10-01T08:53:07+00:00","description":"Consultez la politique de confidentialit\u00e9 de Servi-Paies : protection des donn\u00e9es personnelles, conformit\u00e9 RGPD, s\u00e9curit\u00e9 et transparence","breadcrumb":{"@id":"https:\/\/www.servi-paies.fr\/fr\/politique-de-confidentialite\/#breadcrumb"},"inLanguage":"fr-FR","potentialAction":[{"@type":"ReadAction","target":["https:\/\/www.servi-paies.fr\/fr\/politique-de-confidentialite\/"]}]},{"@type":"BreadcrumbList","@id":"https:\/\/www.servi-paies.fr\/fr\/politique-de-confidentialite\/#breadcrumb","itemListElement":[{"@type":"ListItem","position":1,"name":"Accueil","item":"https:\/\/www.servi-paies.fr\/fr\/"},{"@type":"ListItem","position":2,"name":"Politique de confidentialit\u00e9"}]},{"@type":"WebSite","@id":"https:\/\/www.servi-paies.fr\/fr\/#website","url":"https:\/\/www.servi-paies.fr\/fr\/","name":"SERVI-PAIES","description":"Traitement de la paie et des services RH pour  experts-comptables et entreprises en Ille-et-Vilaine","publisher":{"@id":"https:\/\/www.servi-paies.fr\/fr\/#organization"},"potentialAction":[{"@type":"SearchAction","target":{"@type":"EntryPoint","urlTemplate":"https:\/\/www.servi-paies.fr\/fr\/?s={search_term_string}"},"query-input":{"@type":"PropertyValueSpecification","valueRequired":true,"valueName":"search_term_string"}}],"inLanguage":"fr-FR"},{"@type":"Organization","@id":"https:\/\/www.servi-paies.fr\/fr\/#organization","name":"SERVI-PAIES","url":"https:\/\/www.servi-paies.fr\/fr\/","logo":{"@type":"ImageObject","inLanguage":"fr-FR","@id":"https:\/\/www.servi-paies.fr\/fr\/#\/schema\/logo\/image\/","url":"https:\/\/www.servi-paies.fr\/fr\/wp-content\/uploads\/2024\/10\/partner.gif","contentUrl":"https:\/\/www.servi-paies.fr\/fr\/wp-content\/uploads\/2024\/10\/partner.gif","width":1000,"height":350,"caption":"SERVI-PAIES"},"image":{"@id":"https:\/\/www.servi-paies.fr\/fr\/#\/schema\/logo\/image\/"},"sameAs":["https:\/\/www.facebook.com\/servipaies","https:\/\/www.linkedin.com\/company\/servi-paies\/"]}]}},"_links":{"self":[{"href":"https:\/\/www.servi-paies.fr\/fr\/wp-json\/wp\/v2\/pages\/398","targetHints":{"allow":["GET"]}}],"collection":[{"href":"https:\/\/www.servi-paies.fr\/fr\/wp-json\/wp\/v2\/pages"}],"about":[{"href":"https:\/\/www.servi-paies.fr\/fr\/wp-json\/wp\/v2\/types\/page"}],"author":[{"embeddable":true,"href":"https:\/\/www.servi-paies.fr\/fr\/wp-json\/wp\/v2\/users\/1"}],"replies":[{"embeddable":true,"href":"https:\/\/www.servi-paies.fr\/fr\/wp-json\/wp\/v2\/comments?post=398"}],"version-history":[{"count":4,"href":"https:\/\/www.servi-paies.fr\/fr\/wp-json\/wp\/v2\/pages\/398\/revisions"}],"predecessor-version":[{"id":711,"href":"https:\/\/www.servi-paies.fr\/fr\/wp-json\/wp\/v2\/pages\/398\/revisions\/711"}],"wp:attachment":[{"href":"https:\/\/www.servi-paies.fr\/fr\/wp-json\/wp\/v2\/media?parent=398"}],"curies":[{"name":"wp","href":"https:\/\/api.w.org\/{rel}","templated":true}]}}