{"id":329,"date":"2024-10-29T09:45:41","date_gmt":"2024-10-29T08:45:41","guid":{"rendered":"https:\/\/www.servi-paies.fr\/fr\/?page_id=329"},"modified":"2025-10-03T11:50:32","modified_gmt":"2025-10-03T09:50:32","slug":"solutions-entreprises","status":"publish","type":"page","link":"https:\/\/www.servi-paies.fr\/fr\/solutions-entreprises\/","title":{"rendered":"Solutions Entreprises"},"content":{"rendered":"\n<div class=\"wp-block-group alignwide has-global-padding is-layout-constrained wp-block-group-is-layout-constrained\">\n<h2 class=\"wp-block-heading has-text-align-center noir\">Solutions Entreprises<\/h2>\n\n\n\n<p class=\"has-text-align-left\">D\u00e9couvrez nos <strong>solutions de paie pour entreprises<\/strong>, con\u00e7ues pour simplifier la gestion des salaires, automatiser vos processus et garantir la conformit\u00e9 l\u00e9gale. <strong>Gr\u00e2ce \u00e0 ces outils<\/strong>, votre entreprise peut g\u00e9rer efficacement les paies tout en r\u00e9duisant les erreurs et en gagnant un temps pr\u00e9cieux.<\/p>\n\n\n\n<p class=\"has-text-align-left\">Pour aller plus loin, explorez \u00e9galement nos <strong><a href=\"https:\/\/www.servi-paies.fr\/fr\/nos-kits\/\">Kits RH<\/a><\/strong> pour b\u00e9n\u00e9ficier de mod\u00e8les et guides pratiques.<\/p>\n<\/div>\n\n\n\n<div class=\"wp-block-columns are-vertically-aligned-center alignwide is-layout-flex wp-container-core-columns-is-layout-2d7698b3 wp-block-columns-is-layout-flex\" style=\"padding-right:0;padding-left:0\">\n<div class=\"wp-block-column is-vertically-aligned-center has-global-padding is-content-justification-center is-layout-constrained wp-block-column-is-layout-constrained\" style=\"flex-basis:80%\">\n<div class=\"wp-block-group alignwide is-content-justification-right is-nowrap is-layout-flex wp-container-core-group-is-layout-b83a98e1 wp-block-group-is-layout-flex\" style=\"margin-top:0;margin-bottom:0;padding-right:var(--wp--preset--spacing--xx-large);padding-left:var(--wp--preset--spacing--xx-large)\">\n<div class=\"wp-block-eds-animate-it-block eds-animate-block-save\"><div class=\"eds-animate animated edsanimate-sis-hidden  \" data-eds-entry-animation=\"fadeInLeft\" data-eds-entry-delay=\"0\" data-eds-entry-duration=\"0.5\" data-eds-entry-timing=\"linear\" data-eds-exit-animation=\"\" data-eds-exit-delay=\"0\" data-eds-exit-duration=\"0.5\" data-eds-exit-timing=\"linear\" data-eds-repeat-count=\"1\" data-eds-keep=\"yes\" data-eds-animate-on=\"load\" data-eds-scroll-offset=\"\">\n<figure class=\"wp-block-image size-full is-resized\"><img loading=\"lazy\" decoding=\"async\" width=\"2116\" height=\"2560\" src=\"https:\/\/www.servi-paies.fr\/fr\/wp-content\/uploads\/2024\/10\/pochette-2-scaled.jpg\" alt=\"Solutions de paie SERVI-PAIES pour entreprises \u2013 Automatisation et conformit\u00e9\" class=\"wp-image-390\" style=\"width:645px;height:auto\" srcset=\"https:\/\/www.servi-paies.fr\/fr\/wp-content\/uploads\/2024\/10\/pochette-2-scaled.jpg 2116w, https:\/\/www.servi-paies.fr\/fr\/wp-content\/uploads\/2024\/10\/pochette-2-248x300.jpg 248w, https:\/\/www.servi-paies.fr\/fr\/wp-content\/uploads\/2024\/10\/pochette-2-847x1024.jpg 847w, https:\/\/www.servi-paies.fr\/fr\/wp-content\/uploads\/2024\/10\/pochette-2-768x929.jpg 768w, https:\/\/www.servi-paies.fr\/fr\/wp-content\/uploads\/2024\/10\/pochette-2-1270x1536.jpg 1270w, https:\/\/www.servi-paies.fr\/fr\/wp-content\/uploads\/2024\/10\/pochette-2-1693x2048.jpg 1693w\" sizes=\"auto, (max-width: 2116px) 100vw, 2116px\" \/><\/figure>\n<\/div><\/div>\n<\/div>\n<\/div>\n\n\n\n<div class=\"wp-block-column is-vertically-aligned-center is-layout-flow wp-block-column-is-layout-flow\" style=\"flex-basis:50%\">\n<div class=\"wp-block-group has-background-background-color has-background is-vertical is-content-justification-left is-layout-flex wp-container-core-group-is-layout-f5f6d434 wp-block-group-is-layout-flex\" style=\"min-height:13%;padding-right:var(--wp--preset--spacing--xx-small);padding-left:var(--wp--preset--spacing--xx-small)\">\n<figure class=\"wp-block-image size-full is-resized\"><a href=\"https:\/\/www.silae.fr\/solution-rh-paie\/\"><img loading=\"lazy\" decoding=\"async\" width=\"813\" height=\"813\" src=\"https:\/\/www.servi-paies.fr\/fr\/wp-content\/uploads\/2024\/10\/My-Silae.png\" alt=\"mysilae\" class=\"wp-image-527\" style=\"width:149px;height:auto\" srcset=\"https:\/\/www.servi-paies.fr\/fr\/wp-content\/uploads\/2024\/10\/My-Silae.png 813w, https:\/\/www.servi-paies.fr\/fr\/wp-content\/uploads\/2024\/10\/My-Silae-300x300.png 300w, https:\/\/www.servi-paies.fr\/fr\/wp-content\/uploads\/2024\/10\/My-Silae-150x150.png 150w, https:\/\/www.servi-paies.fr\/fr\/wp-content\/uploads\/2024\/10\/My-Silae-768x768.png 768w\" sizes=\"auto, (max-width: 813px) 100vw, 813px\" \/><\/a><\/figure>\n\n\n\n<div class=\"wp-block-eds-animate-it-block eds-animate-block-save\"><div class=\"eds-animate animated edsanimate-sis-hidden  \" data-eds-entry-animation=\"slideInDown\" data-eds-entry-delay=\"0.5\" data-eds-entry-duration=\"0.5\" data-eds-entry-timing=\"linear\" data-eds-exit-animation=\"\" data-eds-exit-delay=\"0\" data-eds-exit-duration=\"0.5\" data-eds-exit-timing=\"linear\" data-eds-repeat-count=\"1\" data-eds-keep=\"yes\" data-eds-animate-on=\"load\" data-eds-scroll-offset=\"\">\n<p class=\"font-orange\"><strong>Note de frais<\/strong><\/p>\n<\/div><\/div>\n\n\n\n<div class=\"wp-block-eds-animate-it-block eds-animate-block-save\"><div class=\"eds-animate animated edsanimate-sis-hidden  \" data-eds-entry-animation=\"slideInDown\" data-eds-entry-delay=\"1\" data-eds-entry-duration=\"0.5\" data-eds-entry-timing=\"linear\" data-eds-exit-animation=\"\" data-eds-exit-delay=\"0\" data-eds-exit-duration=\"0.5\" data-eds-exit-timing=\"linear\" data-eds-repeat-count=\"1\" data-eds-keep=\"yes\" data-eds-animate-on=\"load\" data-eds-scroll-offset=\"\">\n<p class=\"font-orange\"><strong>Gestion des demandes d&rsquo;absences<\/strong><\/p>\n<\/div><\/div>\n\n\n\n<div class=\"wp-block-eds-animate-it-block eds-animate-block-save\"><div class=\"eds-animate animated edsanimate-sis-hidden  \" data-eds-entry-animation=\"slideInDown\" data-eds-entry-delay=\"1.5\" data-eds-entry-duration=\"0.5\" data-eds-entry-timing=\"linear\" data-eds-exit-animation=\"\" data-eds-exit-delay=\"0\" data-eds-exit-duration=\"0.5\" data-eds-exit-timing=\"linear\" data-eds-repeat-count=\"1\" data-eds-keep=\"yes\" data-eds-animate-on=\"load\" data-eds-scroll-offset=\"\">\n<p class=\"font-orange\"><strong>Gestion des entretiens<\/strong><\/p>\n<\/div><\/div>\n\n\n\n<div class=\"wp-block-eds-animate-it-block eds-animate-block-save\"><div class=\"eds-animate animated edsanimate-sis-hidden  \" data-eds-entry-animation=\"slideInDown\" data-eds-entry-delay=\"2\" data-eds-entry-duration=\"0.5\" data-eds-entry-timing=\"linear\" data-eds-exit-animation=\"\" data-eds-exit-delay=\"0\" data-eds-exit-duration=\"0.5\" data-eds-exit-timing=\"linear\" data-eds-repeat-count=\"1\" data-eds-keep=\"yes\" data-eds-animate-on=\"load\" data-eds-scroll-offset=\"\">\n<p class=\"font-orange\"><strong>Saisie des variables<\/strong><\/p>\n<\/div><\/div>\n\n\n\n<div class=\"wp-block-eds-animate-it-block eds-animate-block-save\"><div class=\"eds-animate animated edsanimate-sis-hidden  \" data-eds-entry-animation=\"slideInDown\" data-eds-entry-delay=\"2.5\" data-eds-entry-duration=\"0.5\" data-eds-entry-timing=\"linear\" data-eds-exit-animation=\"\" data-eds-exit-delay=\"0\" data-eds-exit-duration=\"0.5\" data-eds-exit-timing=\"linear\" data-eds-repeat-count=\"1\" data-eds-keep=\"yes\" data-eds-animate-on=\"load\" data-eds-scroll-offset=\"\">\n<p class=\"font-orange\"><strong>D\u00e9p\u00f4t s\u00e9curis\u00e9 des documents RH aux salari\u00e9s<\/strong><\/p>\n<\/div><\/div>\n\n\n\n<div class=\"wp-block-eds-animate-it-block eds-animate-block-save\"><div class=\"eds-animate animated edsanimate-sis-hidden  \" data-eds-entry-animation=\"slideInDown\" data-eds-entry-delay=\"3\" data-eds-entry-duration=\"0.5\" data-eds-entry-timing=\"linear\" data-eds-exit-animation=\"\" data-eds-exit-delay=\"0\" data-eds-exit-duration=\"0.5\" data-eds-exit-timing=\"linear\" data-eds-repeat-count=\"1\" data-eds-keep=\"yes\" data-eds-animate-on=\"load\" data-eds-scroll-offset=\"\">\n<p class=\"font-orange\"><strong>Signature \u00e9lectronique<\/strong><\/p>\n<\/div><\/div>\n<\/div>\n<\/div>\n<\/div>\n\n\n\n<div class=\"wp-block-group alignwide has-transparent-background-color has-background has-global-padding is-layout-constrained wp-container-core-group-is-layout-e429a03d wp-block-group-is-layout-constrained\" style=\"padding-right:var(--wp--preset--spacing--x-small);padding-left:var(--wp--preset--spacing--x-small);background-image:url(&apos;https:\/\/www.servi-paies.fr\/fr\/wp-content\/uploads\/2024\/10\/fond-1.jpg&apos;);background-position:50% 0;background-size:cover;\">\n<div class=\"wp-block-columns alignwide is-layout-flex wp-container-core-columns-is-layout-2a9647c6 wp-block-columns-is-layout-flex\" style=\"padding-top:var(--wp--preset--spacing--x-small);padding-bottom:var(--wp--preset--spacing--x-small)\">\n<div class=\"wp-block-column is-layout-flow wp-block-column-is-layout-flow\" style=\"padding-top:0;padding-right:0;padding-bottom:0;padding-left:0;box-shadow:var(--wp--preset--shadow--natural)\">\n<div class=\"wp-block-group has-background-background-color has-background has-global-padding is-layout-constrained wp-container-core-group-is-layout-e20e7e2d wp-block-group-is-layout-constrained\" style=\"border-radius:10px;min-height:100%;padding-top:var(--wp--preset--spacing--large);padding-right:var(--wp--preset--spacing--large);padding-bottom:var(--wp--preset--spacing--large);padding-left:var(--wp--preset--spacing--large)\">\n<p class=\"has-text-align-center font-orange has-medium-font-size\" style=\"margin-top:var(--wp--preset--spacing--xx-small);margin-bottom:var(--wp--preset--spacing--xx-small);font-style:normal;font-weight:500\">D\u00e9claration li\u00e9e \u00e0 l&#8217;embauche<\/p>\n\n\n\n<p>D\u00e9claration pr\u00e9alable \u00e0 l&#8217;embauche (DPAE), immatriculation du salari\u00e9&#8230;<\/p>\n<\/div>\n<\/div>\n\n\n\n<div class=\"wp-block-column is-layout-flow wp-block-column-is-layout-flow\" style=\"padding-top:0;padding-right:0;padding-bottom:0;padding-left:0;box-shadow:var(--wp--preset--shadow--natural)\">\n<div class=\"wp-block-group has-background-background-color has-background has-global-padding is-layout-constrained wp-container-core-group-is-layout-e81ad306 wp-block-group-is-layout-constrained\" style=\"border-radius:10px;min-height:100%;margin-top:0;margin-bottom:0;padding-top:var(--wp--preset--spacing--large);padding-right:var(--wp--preset--spacing--large);padding-bottom:var(--wp--preset--spacing--large);padding-left:var(--wp--preset--spacing--large)\">\n<p class=\"has-text-align-center font-orange has-medium-font-size\" style=\"font-style:normal;font-weight:500\">Formalisme li\u00e9 au contrat de travail<\/p>\n\n\n\n<p>Rupture de contrat de travail, avenants, calculs des indemnit\u00e9s, attestation&#8230;.<\/p>\n<\/div>\n<\/div>\n\n\n\n<div class=\"wp-block-column is-layout-flow wp-block-column-is-layout-flow\" style=\"padding-right:0;padding-left:0;box-shadow:var(--wp--preset--shadow--natural)\">\n<div class=\"wp-block-group has-background-background-color has-background has-global-padding is-layout-constrained wp-container-core-group-is-layout-ab34b002 wp-block-group-is-layout-constrained\" style=\"border-radius:10px;min-height:100%;margin-top:0;margin-bottom:0;padding-top:var(--wp--preset--spacing--large);padding-right:var(--wp--preset--spacing--large);padding-bottom:var(--wp--preset--spacing--large);padding-left:var(--wp--preset--spacing--large)\">\n<p class=\"has-text-align-center font-orange has-medium-font-size\" style=\"font-style:normal;font-weight:500\">Charges Sociales<\/p>\n\n\n\n<p>D\u00e9clarations sociales p\u00e9riodiques, mouvements de personnel, affiliation et radiation de l&rsquo;entreprise et des salari\u00e9s<\/p>\n<\/div>\n<\/div>\n\n\n\n<div class=\"wp-block-column has-global-padding is-layout-constrained wp-container-core-column-is-layout-d3e5fae5 wp-block-column-is-layout-constrained\" style=\"padding-right:0;padding-left:0;box-shadow:var(--wp--preset--shadow--natural)\">\n<div class=\"wp-block-group has-background-background-color has-background has-global-padding is-layout-constrained wp-container-core-group-is-layout-e81ad306 wp-block-group-is-layout-constrained\" style=\"border-radius:10px;min-height:100%;margin-top:0;margin-bottom:0;padding-top:var(--wp--preset--spacing--large);padding-right:var(--wp--preset--spacing--large);padding-bottom:var(--wp--preset--spacing--large);padding-left:var(--wp--preset--spacing--large)\">\n<p class=\"has-text-align-center font-orange has-medium-font-size\" style=\"font-style:normal;font-weight:500\">Traitement de la paie<\/p>\n\n\n\n<p>Bulletin de paie, suivi des cong\u00e9s pay\u00e9s, attestation maladie, accident de travail et maladie professionnelle&#8230;.<\/p>\n<\/div>\n<\/div>\n<\/div>\n\n\n\n<div class=\"wp-block-group has-global-padding is-layout-constrained wp-block-group-is-layout-constrained\">\n<div class=\"wp-block-group has-border-color has-luminous-vivid-orange-border-color has-background-background-color has-background has-global-padding is-layout-constrained wp-container-core-group-is-layout-c312d2cd wp-block-group-is-layout-constrained\" style=\"border-width:1px;border-radius:7px;padding-right:var(--wp--preset--spacing--x-small);padding-left:var(--wp--preset--spacing--x-small)\">\n<p class=\"has-text-align-center font-orange has-medium-font-size\" style=\"font-style:normal;font-weight:500\">Formalisme li\u00e9 aux obligations de l&rsquo;entreprise<\/p>\n\n\n\n<p>Mise en place du Comit\u00e9 social et \u00e9conomique (CSE) \/ Document unique d&rsquo;\u00e9valuation des risques (DUER) \/ R\u00e8glement int\u00e9rieur \/ D\u00e9cision unilat\u00e9rale de l&#8217;employeur \/ Accord d&rsquo;entreprise<\/p>\n<\/div>\n<\/div>\n<\/div>\n","protected":false},"excerpt":{"rendered":"<p>Solutions Entreprises D\u00e9couvrez nos solutions de paie pour entreprises, con\u00e7ues pour simplifier la gestion des salaires, automatiser vos processus et garantir la conformit\u00e9 l\u00e9gale. Gr\u00e2ce \u00e0 ces outils, votre entreprise peut g\u00e9rer efficacement les paies tout en r\u00e9duisant les erreurs et en gagnant un temps pr\u00e9cieux. Pour aller plus loin, explorez \u00e9galement nos Kits RH [&hellip;]<\/p>\n","protected":false},"author":1,"featured_media":0,"parent":0,"menu_order":0,"comment_status":"closed","ping_status":"closed","template":"","meta":{"footnotes":""},"class_list":["post-329","page","type-page","status-publish","hentry"],"yoast_head":"<!-- This site is optimized with the Yoast SEO plugin v23.8 - https:\/\/yoast.com\/wordpress\/plugins\/seo\/ -->\n<title>Solutions pour entreprises \u2013 SERVI-PAIES<\/title>\n<meta name=\"description\" content=\"Simplifiez la gestion de vos paies avec les solutions SERVI-PAIES : automatisation, conformit\u00e9 et accompagnement d\u00e9di\u00e9s aux entreprises.\" \/>\n<meta name=\"robots\" content=\"index, follow, max-snippet:-1, max-image-preview:large, max-video-preview:-1\" \/>\n<link rel=\"canonical\" href=\"https:\/\/www.servi-paies.fr\/fr\/solutions-entreprises\/\" \/>\n<meta property=\"og:locale\" content=\"fr_FR\" \/>\n<meta property=\"og:type\" content=\"article\" \/>\n<meta property=\"og:title\" content=\"Solutions pour entreprises \u2013 SERVI-PAIES\" \/>\n<meta property=\"og:description\" content=\"Simplifiez la gestion de vos paies avec les solutions SERVI-PAIES : automatisation, conformit\u00e9 et accompagnement d\u00e9di\u00e9s aux entreprises.\" \/>\n<meta property=\"og:url\" content=\"https:\/\/www.servi-paies.fr\/fr\/solutions-entreprises\/\" \/>\n<meta property=\"og:site_name\" content=\"SERVI-PAIES\" \/>\n<meta property=\"article:publisher\" content=\"https:\/\/www.facebook.com\/servipaies\" \/>\n<meta property=\"article:modified_time\" content=\"2025-10-03T09:50:32+00:00\" \/>\n<meta property=\"og:image\" content=\"https:\/\/www.servi-paies.fr\/fr\/wp-content\/uploads\/2024\/10\/pochette-2-scaled.jpg\" \/>\n\t<meta property=\"og:image:width\" content=\"2116\" \/>\n\t<meta property=\"og:image:height\" content=\"2560\" \/>\n\t<meta property=\"og:image:type\" content=\"image\/jpeg\" \/>\n<meta name=\"twitter:card\" content=\"summary_large_image\" \/>\n<meta name=\"twitter:label1\" content=\"Dur\u00e9e de lecture estim\u00e9e\" \/>\n\t<meta name=\"twitter:data1\" content=\"2 minutes\" \/>\n<script type=\"application\/ld+json\" class=\"yoast-schema-graph\">{\"@context\":\"https:\/\/schema.org\",\"@graph\":[{\"@type\":\"WebPage\",\"@id\":\"https:\/\/www.servi-paies.fr\/fr\/solutions-entreprises\/\",\"url\":\"https:\/\/www.servi-paies.fr\/fr\/solutions-entreprises\/\",\"name\":\"Solutions pour entreprises \u2013 SERVI-PAIES\",\"isPartOf\":{\"@id\":\"https:\/\/www.servi-paies.fr\/fr\/#website\"},\"primaryImageOfPage\":{\"@id\":\"https:\/\/www.servi-paies.fr\/fr\/solutions-entreprises\/#primaryimage\"},\"image\":{\"@id\":\"https:\/\/www.servi-paies.fr\/fr\/solutions-entreprises\/#primaryimage\"},\"thumbnailUrl\":\"https:\/\/www.servi-paies.fr\/fr\/wp-content\/uploads\/2024\/10\/pochette-2-scaled.jpg\",\"datePublished\":\"2024-10-29T08:45:41+00:00\",\"dateModified\":\"2025-10-03T09:50:32+00:00\",\"description\":\"Simplifiez la gestion de vos paies avec les solutions SERVI-PAIES : automatisation, conformit\u00e9 et accompagnement d\u00e9di\u00e9s aux entreprises.\",\"breadcrumb\":{\"@id\":\"https:\/\/www.servi-paies.fr\/fr\/solutions-entreprises\/#breadcrumb\"},\"inLanguage\":\"fr-FR\",\"potentialAction\":[{\"@type\":\"ReadAction\",\"target\":[\"https:\/\/www.servi-paies.fr\/fr\/solutions-entreprises\/\"]}]},{\"@type\":\"ImageObject\",\"inLanguage\":\"fr-FR\",\"@id\":\"https:\/\/www.servi-paies.fr\/fr\/solutions-entreprises\/#primaryimage\",\"url\":\"https:\/\/www.servi-paies.fr\/fr\/wp-content\/uploads\/2024\/10\/pochette-2-scaled.jpg\",\"contentUrl\":\"https:\/\/www.servi-paies.fr\/fr\/wp-content\/uploads\/2024\/10\/pochette-2-scaled.jpg\",\"width\":2116,\"height\":2560},{\"@type\":\"BreadcrumbList\",\"@id\":\"https:\/\/www.servi-paies.fr\/fr\/solutions-entreprises\/#breadcrumb\",\"itemListElement\":[{\"@type\":\"ListItem\",\"position\":1,\"name\":\"Accueil\",\"item\":\"https:\/\/www.servi-paies.fr\/fr\/\"},{\"@type\":\"ListItem\",\"position\":2,\"name\":\"Solutions Entreprises\"}]},{\"@type\":\"WebSite\",\"@id\":\"https:\/\/www.servi-paies.fr\/fr\/#website\",\"url\":\"https:\/\/www.servi-paies.fr\/fr\/\",\"name\":\"SERVI-PAIES\",\"description\":\"Traitement de la paie et des services RH pour  experts-comptables et entreprises en Ille-et-Vilaine\",\"publisher\":{\"@id\":\"https:\/\/www.servi-paies.fr\/fr\/#organization\"},\"potentialAction\":[{\"@type\":\"SearchAction\",\"target\":{\"@type\":\"EntryPoint\",\"urlTemplate\":\"https:\/\/www.servi-paies.fr\/fr\/?s={search_term_string}\"},\"query-input\":{\"@type\":\"PropertyValueSpecification\",\"valueRequired\":true,\"valueName\":\"search_term_string\"}}],\"inLanguage\":\"fr-FR\"},{\"@type\":\"Organization\",\"@id\":\"https:\/\/www.servi-paies.fr\/fr\/#organization\",\"name\":\"SERVI-PAIES\",\"url\":\"https:\/\/www.servi-paies.fr\/fr\/\",\"logo\":{\"@type\":\"ImageObject\",\"inLanguage\":\"fr-FR\",\"@id\":\"https:\/\/www.servi-paies.fr\/fr\/#\/schema\/logo\/image\/\",\"url\":\"https:\/\/www.servi-paies.fr\/fr\/wp-content\/uploads\/2024\/10\/partner.gif\",\"contentUrl\":\"https:\/\/www.servi-paies.fr\/fr\/wp-content\/uploads\/2024\/10\/partner.gif\",\"width\":1000,\"height\":350,\"caption\":\"SERVI-PAIES\"},\"image\":{\"@id\":\"https:\/\/www.servi-paies.fr\/fr\/#\/schema\/logo\/image\/\"},\"sameAs\":[\"https:\/\/www.facebook.com\/servipaies\",\"https:\/\/www.linkedin.com\/company\/servi-paies\/\"]}]}<\/script>\n<!-- \/ Yoast SEO plugin. -->","yoast_head_json":{"title":"Solutions pour entreprises \u2013 SERVI-PAIES","description":"Simplifiez la gestion de vos paies avec les solutions SERVI-PAIES : automatisation, conformit\u00e9 et accompagnement d\u00e9di\u00e9s aux entreprises.","robots":{"index":"index","follow":"follow","max-snippet":"max-snippet:-1","max-image-preview":"max-image-preview:large","max-video-preview":"max-video-preview:-1"},"canonical":"https:\/\/www.servi-paies.fr\/fr\/solutions-entreprises\/","og_locale":"fr_FR","og_type":"article","og_title":"Solutions pour entreprises \u2013 SERVI-PAIES","og_description":"Simplifiez la gestion de vos paies avec les solutions SERVI-PAIES : automatisation, conformit\u00e9 et accompagnement d\u00e9di\u00e9s aux entreprises.","og_url":"https:\/\/www.servi-paies.fr\/fr\/solutions-entreprises\/","og_site_name":"SERVI-PAIES","article_publisher":"https:\/\/www.facebook.com\/servipaies","article_modified_time":"2025-10-03T09:50:32+00:00","og_image":[{"width":2116,"height":2560,"url":"https:\/\/www.servi-paies.fr\/fr\/wp-content\/uploads\/2024\/10\/pochette-2-scaled.jpg","type":"image\/jpeg"}],"twitter_card":"summary_large_image","twitter_misc":{"Dur\u00e9e de lecture estim\u00e9e":"2 minutes"},"schema":{"@context":"https:\/\/schema.org","@graph":[{"@type":"WebPage","@id":"https:\/\/www.servi-paies.fr\/fr\/solutions-entreprises\/","url":"https:\/\/www.servi-paies.fr\/fr\/solutions-entreprises\/","name":"Solutions pour entreprises \u2013 SERVI-PAIES","isPartOf":{"@id":"https:\/\/www.servi-paies.fr\/fr\/#website"},"primaryImageOfPage":{"@id":"https:\/\/www.servi-paies.fr\/fr\/solutions-entreprises\/#primaryimage"},"image":{"@id":"https:\/\/www.servi-paies.fr\/fr\/solutions-entreprises\/#primaryimage"},"thumbnailUrl":"https:\/\/www.servi-paies.fr\/fr\/wp-content\/uploads\/2024\/10\/pochette-2-scaled.jpg","datePublished":"2024-10-29T08:45:41+00:00","dateModified":"2025-10-03T09:50:32+00:00","description":"Simplifiez la gestion de vos paies avec les solutions SERVI-PAIES : automatisation, conformit\u00e9 et accompagnement d\u00e9di\u00e9s aux entreprises.","breadcrumb":{"@id":"https:\/\/www.servi-paies.fr\/fr\/solutions-entreprises\/#breadcrumb"},"inLanguage":"fr-FR","potentialAction":[{"@type":"ReadAction","target":["https:\/\/www.servi-paies.fr\/fr\/solutions-entreprises\/"]}]},{"@type":"ImageObject","inLanguage":"fr-FR","@id":"https:\/\/www.servi-paies.fr\/fr\/solutions-entreprises\/#primaryimage","url":"https:\/\/www.servi-paies.fr\/fr\/wp-content\/uploads\/2024\/10\/pochette-2-scaled.jpg","contentUrl":"https:\/\/www.servi-paies.fr\/fr\/wp-content\/uploads\/2024\/10\/pochette-2-scaled.jpg","width":2116,"height":2560},{"@type":"BreadcrumbList","@id":"https:\/\/www.servi-paies.fr\/fr\/solutions-entreprises\/#breadcrumb","itemListElement":[{"@type":"ListItem","position":1,"name":"Accueil","item":"https:\/\/www.servi-paies.fr\/fr\/"},{"@type":"ListItem","position":2,"name":"Solutions Entreprises"}]},{"@type":"WebSite","@id":"https:\/\/www.servi-paies.fr\/fr\/#website","url":"https:\/\/www.servi-paies.fr\/fr\/","name":"SERVI-PAIES","description":"Traitement de la paie et des services RH pour  experts-comptables et entreprises en Ille-et-Vilaine","publisher":{"@id":"https:\/\/www.servi-paies.fr\/fr\/#organization"},"potentialAction":[{"@type":"SearchAction","target":{"@type":"EntryPoint","urlTemplate":"https:\/\/www.servi-paies.fr\/fr\/?s={search_term_string}"},"query-input":{"@type":"PropertyValueSpecification","valueRequired":true,"valueName":"search_term_string"}}],"inLanguage":"fr-FR"},{"@type":"Organization","@id":"https:\/\/www.servi-paies.fr\/fr\/#organization","name":"SERVI-PAIES","url":"https:\/\/www.servi-paies.fr\/fr\/","logo":{"@type":"ImageObject","inLanguage":"fr-FR","@id":"https:\/\/www.servi-paies.fr\/fr\/#\/schema\/logo\/image\/","url":"https:\/\/www.servi-paies.fr\/fr\/wp-content\/uploads\/2024\/10\/partner.gif","contentUrl":"https:\/\/www.servi-paies.fr\/fr\/wp-content\/uploads\/2024\/10\/partner.gif","width":1000,"height":350,"caption":"SERVI-PAIES"},"image":{"@id":"https:\/\/www.servi-paies.fr\/fr\/#\/schema\/logo\/image\/"},"sameAs":["https:\/\/www.facebook.com\/servipaies","https:\/\/www.linkedin.com\/company\/servi-paies\/"]}]}},"_links":{"self":[{"href":"https:\/\/www.servi-paies.fr\/fr\/wp-json\/wp\/v2\/pages\/329","targetHints":{"allow":["GET"]}}],"collection":[{"href":"https:\/\/www.servi-paies.fr\/fr\/wp-json\/wp\/v2\/pages"}],"about":[{"href":"https:\/\/www.servi-paies.fr\/fr\/wp-json\/wp\/v2\/types\/page"}],"author":[{"embeddable":true,"href":"https:\/\/www.servi-paies.fr\/fr\/wp-json\/wp\/v2\/users\/1"}],"replies":[{"embeddable":true,"href":"https:\/\/www.servi-paies.fr\/fr\/wp-json\/wp\/v2\/comments?post=329"}],"version-history":[{"count":85,"href":"https:\/\/www.servi-paies.fr\/fr\/wp-json\/wp\/v2\/pages\/329\/revisions"}],"predecessor-version":[{"id":727,"href":"https:\/\/www.servi-paies.fr\/fr\/wp-json\/wp\/v2\/pages\/329\/revisions\/727"}],"wp:attachment":[{"href":"https:\/\/www.servi-paies.fr\/fr\/wp-json\/wp\/v2\/media?parent=329"}],"curies":[{"name":"wp","href":"https:\/\/api.w.org\/{rel}","templated":true}]}}