{"id":214,"date":"2024-10-28T15:04:18","date_gmt":"2024-10-28T14:04:18","guid":{"rendered":"https:\/\/www.servi-paies.fr\/fr\/?page_id=214"},"modified":"2025-10-03T11:42:30","modified_gmt":"2025-10-03T09:42:30","slug":"solutions-experts-comptables","status":"publish","type":"page","link":"https:\/\/www.servi-paies.fr\/fr\/solutions-experts-comptables\/","title":{"rendered":"Solutions  Experts-Comptables"},"content":{"rendered":"\n<div class=\"wp-block-group alignwide has-background-background-color has-background has-global-padding is-layout-constrained wp-container-core-group-is-layout-7bcabc6a wp-block-group-is-layout-constrained\" style=\"margin-top:0;margin-bottom:0;padding-right:0;padding-left:0\">\n<div class=\"wp-block-group has-global-padding is-layout-constrained wp-block-group-is-layout-constrained\">\n<div class=\"wp-block-group is-nowrap is-layout-flex wp-container-core-group-is-layout-6c531013 wp-block-group-is-layout-flex\">\n<figure class=\"wp-block-image size-full is-resized\"><img loading=\"lazy\" decoding=\"async\" width=\"1000\" height=\"906\" src=\"https:\/\/www.servi-paies.fr\/fr\/wp-content\/uploads\/2025\/09\/categorie-plaquette.png\" alt=\"\" class=\"wp-image-691\" style=\"width:52px;height:auto\" srcset=\"https:\/\/www.servi-paies.fr\/fr\/wp-content\/uploads\/2025\/09\/categorie-plaquette.png 1000w, https:\/\/www.servi-paies.fr\/fr\/wp-content\/uploads\/2025\/09\/categorie-plaquette-300x272.png 300w, https:\/\/www.servi-paies.fr\/fr\/wp-content\/uploads\/2025\/09\/categorie-plaquette-768x696.png 768w\" sizes=\"auto, (max-width: 1000px) 100vw, 1000px\" \/><\/figure>\n\n\n\n<p><a href=\"https:\/\/servipaies.paperturn-view.com\/?pid=ODk8904787&amp;v=3\">T\u00e9l\u00e9charger notre plaquette commerciale<\/a><\/p>\n<\/div>\n<\/div>\n\n\n\n<div class=\"wp-block-group alignwide has-global-padding is-layout-constrained wp-container-core-group-is-layout-08e73450 wp-block-group-is-layout-constrained has-background\" style=\"padding-right:var(--wp--preset--spacing--medium);padding-left:var(--wp--preset--spacing--medium);background-image:url(&apos;https:\/\/www.servi-paies.fr\/fr\/wp-content\/uploads\/2024\/10\/fond-1.jpg&apos;);background-position:50% 0;background-size:cover;\">\n<h2 class=\"wp-block-heading has-text-align-center alignwide noir\">Solutions Experts-Comptables<\/h2>\n\n\n\n<p class=\"has-text-align-center noir\">D\u00e9couvrez nos <strong>solutions de paie pour experts-comptables<\/strong>, des missions \u00e0 la carte pour un budget ma\u00eetris\u00e9.<\/p>\n\n\n\n<div class=\"wp-block-eds-animate-it-block eds-animate-block-save\"><div class=\"eds-animate animated edsanimate-sis-hidden  \" data-eds-entry-animation=\"fadeInLeft\" data-eds-entry-delay=\"0\" data-eds-entry-duration=\"0.5\" data-eds-entry-timing=\"linear\" data-eds-exit-animation=\"\" data-eds-exit-delay=\"0\" data-eds-exit-duration=\"0.5\" data-eds-exit-timing=\"linear\" data-eds-repeat-count=\"1\" data-eds-keep=\"yes\" data-eds-animate-on=\"load\" data-eds-scroll-offset=\"\">\n<div class=\"wp-block-columns alignwide is-layout-flex wp-container-core-columns-is-layout-28f84493 wp-block-columns-is-layout-flex\">\n<div class=\"wp-block-column has-global-padding is-layout-constrained wp-container-core-column-is-layout-7db9d80f wp-block-column-is-layout-constrained\" style=\"padding-right:0;padding-left:0;box-shadow:var(--wp--preset--shadow--natural)\">\n<div class=\"wp-block-group has-background-background-color has-background has-global-padding is-layout-constrained wp-container-core-group-is-layout-3d22949a wp-block-group-is-layout-constrained\" style=\"border-style:none;border-width:0px;border-radius:10px;min-height:100%;margin-top:0;margin-bottom:0;padding-top:var(--wp--preset--spacing--large);padding-right:var(--wp--preset--spacing--large);padding-bottom:var(--wp--preset--spacing--large);padding-left:var(--wp--preset--spacing--large)\">\n<p class=\"font-orange has-medium-font-size\" style=\"font-style:normal;font-weight:600\">1. L&rsquo;externalisation totale<\/p>\n\n\n\n<p>Nous prenons en charge l\u2019ensemble de la mission sociale (paie, RH, juridique) de vos clients. Vous gardez un acc\u00e8s \u00e0 l\u2019ensemble des travaux r\u00e9alis\u00e9s en temps r\u00e9els.<\/p>\n<\/div>\n<\/div>\n\n\n\n<div class=\"wp-block-column has-global-padding is-layout-constrained wp-container-core-column-is-layout-c3d0faaf wp-block-column-is-layout-constrained\" style=\"padding-top:0;padding-right:0;padding-bottom:0;padding-left:0;box-shadow:var(--wp--preset--shadow--natural)\">\n<div class=\"wp-block-group has-background-background-color has-background has-global-padding is-layout-constrained wp-container-core-group-is-layout-753a43f3 wp-block-group-is-layout-constrained\" style=\"border-radius:10px;min-height:100%;padding-top:var(--wp--preset--spacing--large);padding-right:var(--wp--preset--spacing--large);padding-bottom:var(--wp--preset--spacing--large);padding-left:var(--wp--preset--spacing--large)\">\n<p class=\"has-text-align-center font-orange has-medium-font-size\" style=\"font-style:normal;font-weight:600\">2. L&rsquo;externalisation partielle<\/p>\n\n\n\n<p>Vous d\u00e9finissez les missions que vous souhaitez nous confier. Un choix \u00e0 la carte et \u00e9volutif \u00e0 tout moment.<\/p>\n<\/div>\n<\/div>\n\n\n\n<div class=\"wp-block-column has-global-padding is-layout-constrained wp-container-core-column-is-layout-c06d165c wp-block-column-is-layout-constrained\" style=\"padding-top:0;padding-right:0;padding-bottom:0;padding-left:0;box-shadow:var(--wp--preset--shadow--natural)\">\n<div class=\"wp-block-group has-background-background-color has-background has-global-padding is-layout-constrained wp-container-core-group-is-layout-80e8bf0c wp-block-group-is-layout-constrained\" style=\"border-radius:10px;min-height:100%;padding-top:var(--wp--preset--spacing--large);padding-right:var(--wp--preset--spacing--large);padding-bottom:var(--wp--preset--spacing--large);padding-left:var(--wp--preset--spacing--large)\">\n<p class=\"has-text-align-center font-orange has-medium-font-size\" style=\"font-style:normal;font-weight:600\">3. Mise \u00e0 disposition des outils et des services<\/p>\n\n\n\n<p class=\"has-base-font-size\" style=\"margin-top:var(--wp--preset--spacing--x-small);margin-bottom:var(--wp--preset--spacing--x-small)\">Vous r\u00e9alisez vous-m\u00eame la mission sociale en utilisant notre logiciel de paie SILAE tout en b\u00e9n\u00e9ficiant d&rsquo;un suivi pour un accompagnement fiable et s\u00e9curis\u00e9.<br>Cette mutualisation des services vous permet d\u2019obtenir des co\u00fbts de fonctionnement r\u00e9duits et ma\u00eetris\u00e9s.<\/p>\n<\/div>\n<\/div>\n<\/div>\n<\/div><\/div>\n<\/div>\n\n\n\n<div style=\"height:40px\" aria-hidden=\"true\" class=\"wp-block-spacer\"><\/div>\n\n\n\n<div class=\"wp-block-group alignwide has-global-padding is-layout-constrained wp-container-core-group-is-layout-e429a03d wp-block-group-is-layout-constrained has-background\" style=\"padding-right:var(--wp--preset--spacing--x-small);padding-left:var(--wp--preset--spacing--x-small);background-position:50% 0;\">\n<h2 class=\"wp-block-heading has-text-align-center alignwide noir\">Des atouts majeurs pour vos clients<\/h2>\n\n\n\n<p class=\"has-text-align-center\">Avec nos solutions experts-comptables,  proposez de nouvelles missions \u00e0 vos clients<\/p>\n\n\n\n<div class=\"wp-block-columns alignwide is-layout-flex wp-container-core-columns-is-layout-5016e1a0 wp-block-columns-is-layout-flex\">\n<div class=\"wp-block-column is-layout-flow wp-container-core-column-is-layout-06725388 wp-block-column-is-layout-flow\" style=\"padding-right:var(--wp--preset--spacing--xx-small);padding-left:var(--wp--preset--spacing--xx-small)\">\n<div class=\"wp-block-group is-content-justification-center is-nowrap is-layout-flex wp-container-core-group-is-layout-23441af8 wp-block-group-is-layout-flex\">\n<figure class=\"wp-block-image size-full is-resized\"><img loading=\"lazy\" decoding=\"async\" width=\"20\" height=\"20\" src=\"https:\/\/www.servi-paies.fr\/fr\/wp-content\/uploads\/2024\/10\/puce.jpg\" alt=\"\" class=\"wp-image-264\" style=\"width:20px;height:auto\"\/><\/figure>\n\n\n\n<p class=\"has-text-align-center font-orange has-medium-font-size\" style=\"font-style:normal;font-weight:500\">Tableau de bord RH<\/p>\n<\/div>\n\n\n\n<p class=\"has-text-align-center justifier\">Bilan social, extraction de donn\u00e9es, analyse des effectifs, \u00e9volution des r\u00e9mun\u00e9rations, suivi des visites m\u00e9dicales, suivi des formations.<\/p>\n<\/div>\n\n\n\n<div class=\"wp-block-column is-layout-flow wp-block-column-is-layout-flow\" style=\"padding-right:var(--wp--preset--spacing--xx-small);padding-left:var(--wp--preset--spacing--xx-small)\">\n<div class=\"wp-block-group is-content-justification-center is-nowrap is-layout-flex wp-container-core-group-is-layout-23441af8 wp-block-group-is-layout-flex\">\n<figure class=\"wp-block-image size-full\"><img loading=\"lazy\" decoding=\"async\" width=\"20\" height=\"20\" src=\"https:\/\/www.servi-paies.fr\/fr\/wp-content\/uploads\/2024\/10\/puce.jpg\" alt=\"\" class=\"wp-image-264\"\/><\/figure>\n\n\n\n<p class=\"font-orange has-medium-font-size\" style=\"font-style:normal;font-weight:500\">Coffre-fort num\u00e9rique<\/p>\n<\/div>\n\n\n\n<p class=\"has-text-align-center justifier\">Chaque salari\u00e9 b\u00e9n\u00e9ficie d&rsquo;un coffre-fort num\u00e9rique lui permettant de consulter les documents RH d\u00e9pos\u00e9s par son employeur.<\/p>\n<\/div>\n\n\n\n<div class=\"wp-block-column is-layout-flow wp-block-column-is-layout-flow\" style=\"padding-right:var(--wp--preset--spacing--xx-small);padding-left:var(--wp--preset--spacing--xx-small)\">\n<div class=\"wp-block-group is-content-justification-center is-nowrap is-layout-flex wp-container-core-group-is-layout-23441af8 wp-block-group-is-layout-flex\">\n<figure class=\"wp-block-image size-full\"><img loading=\"lazy\" decoding=\"async\" width=\"20\" height=\"20\" src=\"https:\/\/www.servi-paies.fr\/fr\/wp-content\/uploads\/2024\/10\/puce.jpg\" alt=\"\" class=\"wp-image-264\"\/><\/figure>\n\n\n\n<p class=\"font-orange has-medium-font-size\" style=\"font-style:normal;font-weight:500\">Assistance Juridique<\/p>\n<\/div>\n\n\n\n<p class=\"has-text-align-center justifier\">Notre service juridique r\u00e9pond \u00e0 toutes vos questions en mati\u00e8re sociale (am\u00e9nagement du temps de travail, conflit, rupture du contrat de travail ect..).<\/p>\n<\/div>\n<\/div>\n\n\n\n<div class=\"wp-block-columns alignwide is-layout-flex wp-container-core-columns-is-layout-9859d175 wp-block-columns-is-layout-flex\">\n<div class=\"wp-block-column is-layout-flow wp-block-column-is-layout-flow\" style=\"padding-right:var(--wp--preset--spacing--xx-small);padding-left:var(--wp--preset--spacing--xx-small)\">\n<div class=\"wp-block-group is-content-justification-center is-nowrap is-layout-flex wp-container-core-group-is-layout-23441af8 wp-block-group-is-layout-flex\">\n<figure class=\"wp-block-image size-full\"><img loading=\"lazy\" decoding=\"async\" width=\"20\" height=\"20\" src=\"https:\/\/www.servi-paies.fr\/fr\/wp-content\/uploads\/2024\/10\/puce.jpg\" alt=\"\" class=\"wp-image-264\"\/><\/figure>\n\n\n\n<p class=\"has-text-align-center font-orange has-medium-font-size\" style=\"font-style:normal;font-weight:500\">Portail E-cong\u00e9s<\/p>\n<\/div>\n\n\n\n<div class=\"wp-block-group has-global-padding is-layout-constrained wp-container-core-group-is-layout-46044f76 wp-block-group-is-layout-constrained\" style=\"padding-right:var(--wp--preset--spacing--xx-small);padding-left:var(--wp--preset--spacing--xx-small)\">\n<p class=\"has-text-align-center justifier\">Les salari\u00e9s saisissent leurs absences via un espace s\u00e9curis\u00e9.<\/p>\n<\/div>\n<\/div>\n\n\n\n<div class=\"wp-block-column is-layout-flow wp-block-column-is-layout-flow\" style=\"padding-right:var(--wp--preset--spacing--xx-small);padding-left:var(--wp--preset--spacing--xx-small)\">\n<div class=\"wp-block-group has-global-padding is-layout-constrained wp-block-group-is-layout-constrained\">\n<div class=\"wp-block-group is-content-justification-center is-nowrap is-layout-flex wp-container-core-group-is-layout-23441af8 wp-block-group-is-layout-flex\">\n<figure class=\"wp-block-image size-full\"><img loading=\"lazy\" decoding=\"async\" width=\"20\" height=\"20\" src=\"https:\/\/www.servi-paies.fr\/fr\/wp-content\/uploads\/2024\/10\/puce.jpg\" alt=\"\" class=\"wp-image-264\"\/><\/figure>\n\n\n\n<p class=\"has-text-align-center font-orange has-medium-font-size\" style=\"font-style:normal;font-weight:500\">Conformit\u00e9 de la paie<\/p>\n<\/div>\n<\/div>\n\n\n\n<p class=\"has-text-align-center justifier\">Prestation de conseil visant \u00e0 mesurer les \u00e9carts entre les pratiques de paie r\u00e9alis\u00e9es et les r\u00e8gles applicables. L\u2019audit permet d\u2019\u00e9tablir des pr\u00e9conisations sur les correctifs \u00e0 apporter afin de s\u00e9curiser l\u2019environnement social.<\/p>\n<\/div>\n\n\n\n<div class=\"wp-block-column is-layout-flow wp-block-column-is-layout-flow\" style=\"padding-right:var(--wp--preset--spacing--xx-small);padding-left:var(--wp--preset--spacing--xx-small)\">\n<div class=\"wp-block-group has-global-padding is-layout-constrained wp-block-group-is-layout-constrained\">\n<div class=\"wp-block-group is-content-justification-center is-nowrap is-layout-flex wp-container-core-group-is-layout-23441af8 wp-block-group-is-layout-flex\">\n<figure class=\"wp-block-image size-full\"><img loading=\"lazy\" decoding=\"async\" width=\"20\" height=\"20\" src=\"https:\/\/www.servi-paies.fr\/fr\/wp-content\/uploads\/2024\/10\/puce.jpg\" alt=\"\" class=\"wp-image-264\"\/><\/figure>\n\n\n\n<p class=\"has-text-align-center font-orange has-medium-font-size\" style=\"font-style:normal;font-weight:500\">Un gestionnaire d\u00e9di\u00e9<\/p>\n<\/div>\n<\/div>\n\n\n\n<p class=\"has-text-align-center justifier\">Votre gestionnaire en charge du dossier disponible directement par t\u00e9l\u00e9phone sur sa ligne directe.<\/p>\n<\/div>\n<\/div>\n\n\n\n<div class=\"wp-block-columns alignwide is-layout-flex wp-container-core-columns-is-layout-9859d175 wp-block-columns-is-layout-flex\">\n<div class=\"wp-block-column is-layout-flow wp-block-column-is-layout-flow\" style=\"padding-right:var(--wp--preset--spacing--xx-small);padding-left:var(--wp--preset--spacing--xx-small)\">\n<div class=\"wp-block-group has-global-padding is-layout-constrained wp-block-group-is-layout-constrained\">\n<div class=\"wp-block-group is-content-justification-center is-nowrap is-layout-flex wp-container-core-group-is-layout-b35f32a3 wp-block-group-is-layout-flex\">\n<figure class=\"wp-block-image size-full\"><img loading=\"lazy\" decoding=\"async\" width=\"20\" height=\"20\" src=\"https:\/\/www.servi-paies.fr\/fr\/wp-content\/uploads\/2024\/10\/puce.jpg\" alt=\"\" class=\"wp-image-264\"\/><\/figure>\n\n\n\n<p class=\"has-text-align-center font-orange has-medium-font-size\" style=\"font-style:normal;font-weight:500\">&nbsp;Interconnexion de Silae vers vos applications m\u00e9tier<\/p>\n<\/div>\n<\/div>\n\n\n\n<p class=\"has-text-align-center justifier\">SERVI-PAIES PARTNER met en place des API interfac\u00e9es avec votre logiciel m\u00e9tier afin d&rsquo;\u00e9changer des donn\u00e9es et fonctionnalit\u00e9s.<\/p>\n\n\n\n<p class=\"has-text-align-center justifier\"><\/p>\n\n\n\n<p><\/p>\n<\/div>\n<\/div>\n<\/div>\n<\/div>\n","protected":false},"excerpt":{"rendered":"<p>T\u00e9l\u00e9charger notre plaquette commerciale Solutions Experts-Comptables D\u00e9couvrez nos solutions de paie pour experts-comptables, des missions \u00e0 la carte pour un budget ma\u00eetris\u00e9. Des atouts majeurs pour vos clients Avec nos solutions experts-comptables, proposez de nouvelles missions \u00e0 vos clients Tableau de bord RH Bilan social, extraction de donn\u00e9es, analyse des effectifs, \u00e9volution des r\u00e9mun\u00e9rations, suivi [&hellip;]<\/p>\n","protected":false},"author":1,"featured_media":0,"parent":0,"menu_order":0,"comment_status":"closed","ping_status":"closed","template":"","meta":{"footnotes":""},"class_list":["post-214","page","type-page","status-publish","hentry"],"yoast_head":"<!-- This site is optimized with the Yoast SEO plugin v23.8 - https:\/\/yoast.com\/wordpress\/plugins\/seo\/ -->\n<title>Solutions pour experts-comptables \u2013 SERVI-PAIES<\/title>\n<meta name=\"description\" content=\"D\u00e9couvrez les solutions de paie SERVI-PAIES : automatisation, conformit\u00e9 et accompagnement d\u00e9di\u00e9s aux experts-comptables.\" \/>\n<meta name=\"robots\" content=\"index, follow, max-snippet:-1, max-image-preview:large, max-video-preview:-1\" \/>\n<link rel=\"canonical\" href=\"https:\/\/www.servi-paies.fr\/fr\/solutions-experts-comptables\/\" \/>\n<meta property=\"og:locale\" content=\"fr_FR\" \/>\n<meta property=\"og:type\" content=\"article\" \/>\n<meta property=\"og:title\" content=\"Solutions pour experts-comptables \u2013 SERVI-PAIES\" \/>\n<meta property=\"og:description\" content=\"D\u00e9couvrez les solutions de paie SERVI-PAIES : automatisation, conformit\u00e9 et accompagnement d\u00e9di\u00e9s aux experts-comptables.\" \/>\n<meta property=\"og:url\" content=\"https:\/\/www.servi-paies.fr\/fr\/solutions-experts-comptables\/\" \/>\n<meta property=\"og:site_name\" content=\"SERVI-PAIES\" \/>\n<meta property=\"article:publisher\" content=\"https:\/\/www.facebook.com\/servipaies\" \/>\n<meta property=\"article:modified_time\" content=\"2025-10-03T09:42:30+00:00\" \/>\n<meta property=\"og:image\" content=\"https:\/\/www.servi-paies.fr\/fr\/wp-content\/uploads\/2025\/09\/categorie-plaquette.png\" \/>\n\t<meta property=\"og:image:width\" content=\"1000\" \/>\n\t<meta property=\"og:image:height\" content=\"906\" \/>\n\t<meta property=\"og:image:type\" content=\"image\/png\" \/>\n<meta name=\"twitter:card\" content=\"summary_large_image\" \/>\n<meta name=\"twitter:label1\" content=\"Dur\u00e9e de lecture estim\u00e9e\" \/>\n\t<meta name=\"twitter:data1\" content=\"4 minutes\" \/>\n<script type=\"application\/ld+json\" class=\"yoast-schema-graph\">{\"@context\":\"https:\/\/schema.org\",\"@graph\":[{\"@type\":\"WebPage\",\"@id\":\"https:\/\/www.servi-paies.fr\/fr\/solutions-experts-comptables\/\",\"url\":\"https:\/\/www.servi-paies.fr\/fr\/solutions-experts-comptables\/\",\"name\":\"Solutions pour experts-comptables \u2013 SERVI-PAIES\",\"isPartOf\":{\"@id\":\"https:\/\/www.servi-paies.fr\/fr\/#website\"},\"primaryImageOfPage\":{\"@id\":\"https:\/\/www.servi-paies.fr\/fr\/solutions-experts-comptables\/#primaryimage\"},\"image\":{\"@id\":\"https:\/\/www.servi-paies.fr\/fr\/solutions-experts-comptables\/#primaryimage\"},\"thumbnailUrl\":\"https:\/\/www.servi-paies.fr\/fr\/wp-content\/uploads\/2025\/09\/categorie-plaquette.png\",\"datePublished\":\"2024-10-28T14:04:18+00:00\",\"dateModified\":\"2025-10-03T09:42:30+00:00\",\"description\":\"D\u00e9couvrez les solutions de paie SERVI-PAIES : automatisation, conformit\u00e9 et accompagnement d\u00e9di\u00e9s aux experts-comptables.\",\"breadcrumb\":{\"@id\":\"https:\/\/www.servi-paies.fr\/fr\/solutions-experts-comptables\/#breadcrumb\"},\"inLanguage\":\"fr-FR\",\"potentialAction\":[{\"@type\":\"ReadAction\",\"target\":[\"https:\/\/www.servi-paies.fr\/fr\/solutions-experts-comptables\/\"]}]},{\"@type\":\"ImageObject\",\"inLanguage\":\"fr-FR\",\"@id\":\"https:\/\/www.servi-paies.fr\/fr\/solutions-experts-comptables\/#primaryimage\",\"url\":\"https:\/\/www.servi-paies.fr\/fr\/wp-content\/uploads\/2025\/09\/categorie-plaquette.png\",\"contentUrl\":\"https:\/\/www.servi-paies.fr\/fr\/wp-content\/uploads\/2025\/09\/categorie-plaquette.png\",\"width\":1000,\"height\":906},{\"@type\":\"BreadcrumbList\",\"@id\":\"https:\/\/www.servi-paies.fr\/fr\/solutions-experts-comptables\/#breadcrumb\",\"itemListElement\":[{\"@type\":\"ListItem\",\"position\":1,\"name\":\"Accueil\",\"item\":\"https:\/\/www.servi-paies.fr\/fr\/\"},{\"@type\":\"ListItem\",\"position\":2,\"name\":\"Solutions Experts-Comptables\"}]},{\"@type\":\"WebSite\",\"@id\":\"https:\/\/www.servi-paies.fr\/fr\/#website\",\"url\":\"https:\/\/www.servi-paies.fr\/fr\/\",\"name\":\"SERVI-PAIES\",\"description\":\"Traitement de la paie et des services RH pour  experts-comptables et entreprises en Ille-et-Vilaine\",\"publisher\":{\"@id\":\"https:\/\/www.servi-paies.fr\/fr\/#organization\"},\"potentialAction\":[{\"@type\":\"SearchAction\",\"target\":{\"@type\":\"EntryPoint\",\"urlTemplate\":\"https:\/\/www.servi-paies.fr\/fr\/?s={search_term_string}\"},\"query-input\":{\"@type\":\"PropertyValueSpecification\",\"valueRequired\":true,\"valueName\":\"search_term_string\"}}],\"inLanguage\":\"fr-FR\"},{\"@type\":\"Organization\",\"@id\":\"https:\/\/www.servi-paies.fr\/fr\/#organization\",\"name\":\"SERVI-PAIES\",\"url\":\"https:\/\/www.servi-paies.fr\/fr\/\",\"logo\":{\"@type\":\"ImageObject\",\"inLanguage\":\"fr-FR\",\"@id\":\"https:\/\/www.servi-paies.fr\/fr\/#\/schema\/logo\/image\/\",\"url\":\"https:\/\/www.servi-paies.fr\/fr\/wp-content\/uploads\/2024\/10\/partner.gif\",\"contentUrl\":\"https:\/\/www.servi-paies.fr\/fr\/wp-content\/uploads\/2024\/10\/partner.gif\",\"width\":1000,\"height\":350,\"caption\":\"SERVI-PAIES\"},\"image\":{\"@id\":\"https:\/\/www.servi-paies.fr\/fr\/#\/schema\/logo\/image\/\"},\"sameAs\":[\"https:\/\/www.facebook.com\/servipaies\",\"https:\/\/www.linkedin.com\/company\/servi-paies\/\"]}]}<\/script>\n<!-- \/ Yoast SEO plugin. -->","yoast_head_json":{"title":"Solutions pour experts-comptables \u2013 SERVI-PAIES","description":"D\u00e9couvrez les solutions de paie SERVI-PAIES : automatisation, conformit\u00e9 et accompagnement d\u00e9di\u00e9s aux experts-comptables.","robots":{"index":"index","follow":"follow","max-snippet":"max-snippet:-1","max-image-preview":"max-image-preview:large","max-video-preview":"max-video-preview:-1"},"canonical":"https:\/\/www.servi-paies.fr\/fr\/solutions-experts-comptables\/","og_locale":"fr_FR","og_type":"article","og_title":"Solutions pour experts-comptables \u2013 SERVI-PAIES","og_description":"D\u00e9couvrez les solutions de paie SERVI-PAIES : automatisation, conformit\u00e9 et accompagnement d\u00e9di\u00e9s aux experts-comptables.","og_url":"https:\/\/www.servi-paies.fr\/fr\/solutions-experts-comptables\/","og_site_name":"SERVI-PAIES","article_publisher":"https:\/\/www.facebook.com\/servipaies","article_modified_time":"2025-10-03T09:42:30+00:00","og_image":[{"width":1000,"height":906,"url":"https:\/\/www.servi-paies.fr\/fr\/wp-content\/uploads\/2025\/09\/categorie-plaquette.png","type":"image\/png"}],"twitter_card":"summary_large_image","twitter_misc":{"Dur\u00e9e de lecture estim\u00e9e":"4 minutes"},"schema":{"@context":"https:\/\/schema.org","@graph":[{"@type":"WebPage","@id":"https:\/\/www.servi-paies.fr\/fr\/solutions-experts-comptables\/","url":"https:\/\/www.servi-paies.fr\/fr\/solutions-experts-comptables\/","name":"Solutions pour experts-comptables \u2013 SERVI-PAIES","isPartOf":{"@id":"https:\/\/www.servi-paies.fr\/fr\/#website"},"primaryImageOfPage":{"@id":"https:\/\/www.servi-paies.fr\/fr\/solutions-experts-comptables\/#primaryimage"},"image":{"@id":"https:\/\/www.servi-paies.fr\/fr\/solutions-experts-comptables\/#primaryimage"},"thumbnailUrl":"https:\/\/www.servi-paies.fr\/fr\/wp-content\/uploads\/2025\/09\/categorie-plaquette.png","datePublished":"2024-10-28T14:04:18+00:00","dateModified":"2025-10-03T09:42:30+00:00","description":"D\u00e9couvrez les solutions de paie SERVI-PAIES : automatisation, conformit\u00e9 et accompagnement d\u00e9di\u00e9s aux experts-comptables.","breadcrumb":{"@id":"https:\/\/www.servi-paies.fr\/fr\/solutions-experts-comptables\/#breadcrumb"},"inLanguage":"fr-FR","potentialAction":[{"@type":"ReadAction","target":["https:\/\/www.servi-paies.fr\/fr\/solutions-experts-comptables\/"]}]},{"@type":"ImageObject","inLanguage":"fr-FR","@id":"https:\/\/www.servi-paies.fr\/fr\/solutions-experts-comptables\/#primaryimage","url":"https:\/\/www.servi-paies.fr\/fr\/wp-content\/uploads\/2025\/09\/categorie-plaquette.png","contentUrl":"https:\/\/www.servi-paies.fr\/fr\/wp-content\/uploads\/2025\/09\/categorie-plaquette.png","width":1000,"height":906},{"@type":"BreadcrumbList","@id":"https:\/\/www.servi-paies.fr\/fr\/solutions-experts-comptables\/#breadcrumb","itemListElement":[{"@type":"ListItem","position":1,"name":"Accueil","item":"https:\/\/www.servi-paies.fr\/fr\/"},{"@type":"ListItem","position":2,"name":"Solutions Experts-Comptables"}]},{"@type":"WebSite","@id":"https:\/\/www.servi-paies.fr\/fr\/#website","url":"https:\/\/www.servi-paies.fr\/fr\/","name":"SERVI-PAIES","description":"Traitement de la paie et des services RH pour  experts-comptables et entreprises en Ille-et-Vilaine","publisher":{"@id":"https:\/\/www.servi-paies.fr\/fr\/#organization"},"potentialAction":[{"@type":"SearchAction","target":{"@type":"EntryPoint","urlTemplate":"https:\/\/www.servi-paies.fr\/fr\/?s={search_term_string}"},"query-input":{"@type":"PropertyValueSpecification","valueRequired":true,"valueName":"search_term_string"}}],"inLanguage":"fr-FR"},{"@type":"Organization","@id":"https:\/\/www.servi-paies.fr\/fr\/#organization","name":"SERVI-PAIES","url":"https:\/\/www.servi-paies.fr\/fr\/","logo":{"@type":"ImageObject","inLanguage":"fr-FR","@id":"https:\/\/www.servi-paies.fr\/fr\/#\/schema\/logo\/image\/","url":"https:\/\/www.servi-paies.fr\/fr\/wp-content\/uploads\/2024\/10\/partner.gif","contentUrl":"https:\/\/www.servi-paies.fr\/fr\/wp-content\/uploads\/2024\/10\/partner.gif","width":1000,"height":350,"caption":"SERVI-PAIES"},"image":{"@id":"https:\/\/www.servi-paies.fr\/fr\/#\/schema\/logo\/image\/"},"sameAs":["https:\/\/www.facebook.com\/servipaies","https:\/\/www.linkedin.com\/company\/servi-paies\/"]}]}},"_links":{"self":[{"href":"https:\/\/www.servi-paies.fr\/fr\/wp-json\/wp\/v2\/pages\/214","targetHints":{"allow":["GET"]}}],"collection":[{"href":"https:\/\/www.servi-paies.fr\/fr\/wp-json\/wp\/v2\/pages"}],"about":[{"href":"https:\/\/www.servi-paies.fr\/fr\/wp-json\/wp\/v2\/types\/page"}],"author":[{"embeddable":true,"href":"https:\/\/www.servi-paies.fr\/fr\/wp-json\/wp\/v2\/users\/1"}],"replies":[{"embeddable":true,"href":"https:\/\/www.servi-paies.fr\/fr\/wp-json\/wp\/v2\/comments?post=214"}],"version-history":[{"count":111,"href":"https:\/\/www.servi-paies.fr\/fr\/wp-json\/wp\/v2\/pages\/214\/revisions"}],"predecessor-version":[{"id":721,"href":"https:\/\/www.servi-paies.fr\/fr\/wp-json\/wp\/v2\/pages\/214\/revisions\/721"}],"wp:attachment":[{"href":"https:\/\/www.servi-paies.fr\/fr\/wp-json\/wp\/v2\/media?parent=214"}],"curies":[{"name":"wp","href":"https:\/\/api.w.org\/{rel}","templated":true}]}}